{"id":7507,"date":"2017-11-23T12:48:36","date_gmt":"2017-11-23T11:48:36","guid":{"rendered":"https:\/\/www.agrosmartglobal.eu\/auditoria-tecnologica\/"},"modified":"2018-01-24T13:33:32","modified_gmt":"2018-01-24T12:33:32","slug":"auditoria-tecnologica","status":"publish","type":"page","link":"https:\/\/www.agrosmartglobal.eu\/pt-pt\/auditoria-tecnologica\/","title":{"rendered":"Auditor\u00eda tecnol\u00f3gica"},"content":{"rendered":"<p><b>As auditorias tecnol\u00f3gicas visam estudar a estrat\u00e9gia tecnol\u00f3gica de uma Entidade e,\u00a0especificamente, os recursos tecnol\u00f3gicos de uma organiza\u00e7\u00e3o de forma comparativa.<\/b><\/p>\n<p><strong>A auditoria de tecnologia deve encontrar:<\/strong><\/p>\n<ul>\n<li>Avaliar o potencial tecnol\u00f3gico da cooperativa.<\/li>\n<li>Priorizar necessidades e orientar investimentos em recursos tecnol\u00f3gicos.<\/li>\n<li>Aproveitar os pontos fortes detetados e os fracos corretos.<\/li>\n<li>Definir quais as condi\u00e7\u00f5es que devem ser atendidas e qual a tecnologia necess\u00e1ria para se tornar competitiva.<\/li>\n<li>Identificar o momento ideal de aquisi\u00e7\u00e3o da tecnologia.<\/li>\n<li>Fornecer informa\u00e7\u00f5es sobre a prote\u00e7\u00e3o da propriedade industrial.<\/li>\n<li>Saber se tem os recursos e a organiza\u00e7\u00e3o adequados para gerir a tecnologia da organiza\u00e7\u00e3o.<\/li>\n<\/ul>\n<p>Para isso, a auditoria tecnol\u00f3gica deve abordar os seguintes problemas:<\/p>\n<ul>\n<li>Desenvolvimento de ideias empresariais condicionadas pela tecnologia<\/li>\n<li>Desenvolvimento de produtos<\/li>\n<li>Processos de inova\u00e7\u00e3o em sistemas de produ\u00e7\u00e3o<\/li>\n<li>Aquisi\u00e7\u00e3o de tecnologia<\/li>\n<li>Lideran\u00e7a tecnol\u00f3gica<\/li>\n<li>Recursos dispon\u00edveis<\/li>\n<li>Sistemas e ferramentas<\/li>\n<\/ul>\n<p>De forma transversal, al\u00e9m de abordar as quest\u00f5es apresentadas, deve avaliar-se se os processos de gest\u00e3o tecnol\u00f3gica s\u00e3o adequados.<\/p>\n","protected":false},"excerpt":{"rendered":"<p>As auditorias tecnol\u00f3gicas visam estudar a estrat\u00e9gia tecnol\u00f3gica de uma Entidade e,\u00a0especificamente, os recursos tecnol\u00f3gicos de uma organiza\u00e7\u00e3o de forma comparativa. A auditoria de tecnologia deve encontrar: Avaliar o potencial tecnol\u00f3gico da cooperativa. Priorizar necessidades e orientar investimentos em recursos tecnol\u00f3gicos. Aproveitar os pontos fortes detetados e os fracos corretos. Definir quais as condi\u00e7\u00f5es que [&hellip;]<\/p>\n","protected":false},"author":4,"featured_media":0,"parent":0,"menu_order":0,"comment_status":"closed","ping_status":"closed","template":"template-auditoria.php","meta":{"_bbp_topic_count":0,"_bbp_reply_count":0,"_bbp_total_topic_count":0,"_bbp_total_reply_count":0,"_bbp_voice_count":0,"_bbp_anonymous_reply_count":0,"_bbp_topic_count_hidden":0,"_bbp_reply_count_hidden":0,"_bbp_forum_subforum_count":0},"_links":{"self":[{"href":"https:\/\/www.agrosmartglobal.eu\/pt-pt\/wp-json\/wp\/v2\/pages\/7507"}],"collection":[{"href":"https:\/\/www.agrosmartglobal.eu\/pt-pt\/wp-json\/wp\/v2\/pages"}],"about":[{"href":"https:\/\/www.agrosmartglobal.eu\/pt-pt\/wp-json\/wp\/v2\/types\/page"}],"author":[{"embeddable":true,"href":"https:\/\/www.agrosmartglobal.eu\/pt-pt\/wp-json\/wp\/v2\/users\/4"}],"replies":[{"embeddable":true,"href":"https:\/\/www.agrosmartglobal.eu\/pt-pt\/wp-json\/wp\/v2\/comments?post=7507"}],"version-history":[{"count":1,"href":"https:\/\/www.agrosmartglobal.eu\/pt-pt\/wp-json\/wp\/v2\/pages\/7507\/revisions"}],"predecessor-version":[{"id":7799,"href":"https:\/\/www.agrosmartglobal.eu\/pt-pt\/wp-json\/wp\/v2\/pages\/7507\/revisions\/7799"}],"wp:attachment":[{"href":"https:\/\/www.agrosmartglobal.eu\/pt-pt\/wp-json\/wp\/v2\/media?parent=7507"}],"curies":[{"name":"wp","href":"https:\/\/api.w.org\/{rel}","templated":true}]}}