{"id":3579,"date":"2017-05-29T15:08:35","date_gmt":"2017-05-29T13:08:35","guid":{"rendered":"https:\/\/www.agrosmartglobal.eu\/fr\/?page_id=3579"},"modified":"2020-11-09T18:21:07","modified_gmt":"2020-11-09T17:21:07","slug":"manual-de-boas-praticas","status":"publish","type":"page","link":"https:\/\/www.agrosmartglobal.eu\/pt-pt\/manual-de-boas-praticas\/","title":{"rendered":"Boas Pr\u00e1ticas em Inova\u00e7\u00e3o Tecnol\u00f3gica"},"content":{"rendered":"<p>[vc_row][vc_column]    <div class=\"container \">\n          <div class=\"section \">\n      [vc_row_inner][vc_column_inner width=&#8221;1\/6&#8243;][vc_column_text]<img loading=\"lazy\" class=\"size-full wp-image-1353 aligncenter\" src=\"https:\/\/www.agrosmartglobal.eu\/wp-content\/uploads\/2017\/05\/SUDOELacteos@3x.png\" alt=\"\" width=\"100\" height=\"100\" srcset=\"https:\/\/www.agrosmartglobal.eu\/wp-content\/uploads\/2017\/05\/SUDOELacteos@3x.png 256w, https:\/\/www.agrosmartglobal.eu\/wp-content\/uploads\/2017\/05\/SUDOELacteos@3x-150x150.png 150w\" sizes=\"(max-width: 100px) 100vw, 100px\" \/><\/p>\n<h2 style=\"text-align: center;\"><a title=\"Leite\" href=\"#leite\">Leite<\/a><\/h2>\n<p>[\/vc_column_text][\/vc_column_inner][vc_column_inner width=&#8221;1\/6&#8243;][vc_column_text]<img loading=\"lazy\" class=\"size-full wp-image-1353 aligncenter\" src=\"https:\/\/www.agrosmartglobal.eu\/wp-content\/uploads\/2017\/05\/SUDOEcarnica@3x.png\" alt=\"\" width=\"100\" height=\"100\" \/><\/p>\n<h2 style=\"text-align: center;\"><a title=\"Carnes\" href=\"#carnes\">Carnes<\/a><\/h2>\n<p>[\/vc_column_text][\/vc_column_inner][vc_column_inner width=&#8221;1\/6&#8243;][vc_column_text]<img loading=\"lazy\" class=\"size-full wp-image-1353 aligncenter\" src=\"https:\/\/www.agrosmartglobal.eu\/wp-content\/uploads\/2017\/05\/SUDOEVegetales@3x.png\" alt=\"\" width=\"100\" height=\"100\" \/><\/p>\n<h2 style=\"text-align: center;\"><a title=\"Vegetais\" href=\"#vegetais\">Vegetais<\/a><\/h2>\n<p>[\/vc_column_text][\/vc_column_inner][vc_column_inner width=&#8221;1\/6&#8243;][vc_column_text]<img loading=\"lazy\" class=\"size-full wp-image-1353 aligncenter\" src=\"https:\/\/www.agrosmartglobal.eu\/wp-content\/uploads\/2017\/05\/SUDOEAceites@3x.png\" alt=\"\" width=\"100\" height=\"100\" \/><\/p>\n<h2 style=\"text-align: center;\"><a title=\"Azeites\" href=\"#azeites\">Azeites<\/a><\/h2>\n<p>[\/vc_column_text][\/vc_column_inner][vc_column_inner width=&#8221;1\/6&#8243;][vc_column_text]<img loading=\"lazy\" class=\"size-full wp-image-1353 aligncenter\" src=\"https:\/\/www.agrosmartglobal.eu\/wp-content\/uploads\/2017\/05\/SUDOEEnologia@3x.png\" alt=\"\" width=\"100\" height=\"100\" \/><\/p>\n<h2 style=\"text-align: center;\"><a title=\"Vinhos\" href=\"#vinhos\">Vinhos<\/a><\/h2>\n<p>[\/vc_column_text][\/vc_column_inner][vc_column_inner width=&#8221;1\/6&#8243;][\/vc_column_inner][\/vc_row_inner]    <\/div><!-- .section -->\n[vc_row_inner][vc_column_inner][vc_column_text]<a name=\"leite\"><\/a><\/p>\n<h2><img loading=\"lazy\" class=\"alignnone size-full wp-image-1353\" src=\"https:\/\/www.agrosmartglobal.eu\/wp-content\/uploads\/2017\/05\/SUDOELacteos@3x.png\" alt=\"\" width=\"46\" height=\"46\" srcset=\"https:\/\/www.agrosmartglobal.eu\/wp-content\/uploads\/2017\/05\/SUDOELacteos@3x.png 256w, https:\/\/www.agrosmartglobal.eu\/wp-content\/uploads\/2017\/05\/SUDOELacteos@3x-150x150.png 150w\" sizes=\"(max-width: 46px) 100vw, 46px\" \/>\u00a0Leite<\/h2>\n<ul>\n<li><a href=\"https:\/\/www.agrosmartglobal.eu\/pt-pt\/2017\/05\/29\/1-1-controle-de-qualidade-do-leite-na-industria-tipologia-1\/\">1.1. CONTROLE DE QUALIDADE DO LEITE NA IND\u00daSTRIA<\/a><\/li>\n<li><a href=\"https:\/\/www.agrosmartglobal.eu\/pt-pt\/2017\/05\/29\/1-2-controle-microbiologico-do-leite-na-industria-tecnicas-de-microbiologia-rapida-tipologia-1\/\">1.2. CONTROLE MICROBIOL\u00d3GICO DO LEITE NA IND\u00daSTRIA: T\u00c9CNICAS DE MICROBIOLOGIA R\u00c1PIDA<\/a><\/li>\n<li><a href=\"https:\/\/www.agrosmartglobal.eu\/pt-pt\/2017\/05\/29\/1-3-limpeza-de-superficies-com-espuma-e-enxaguamento-com-agua-a-alta-pressao-tipologia-1\/\">1.3. LIMPEZA DE SUPERF\u00cdCIES COM ESPUMA E ENXAGUAMENTO COM \u00c1GUA A ALTA PRESS\u00c3O<\/a><\/li>\n<li><a href=\"https:\/\/www.agrosmartglobal.eu\/pt-pt\/2017\/05\/29\/1-4-ozonizacao-das-camaras-de-cura-de-queijo-tipologia-1\/\">1.4. OZONIZA\u00c7\u00c3O DAS C\u00c2MARAS DE CURA DE QUEIJO<\/a><\/li>\n<li><a href=\"https:\/\/www.agrosmartglobal.eu\/pt-pt\/2017\/05\/29\/1-5-controle-fisico-quimico-e-microbiologico-de-salmouras-tipologia-1\/\">1.5. CONTROLE F\u00cdSICO-QU\u00cdMICO E MICROBIOL\u00d3GICO DE SALMOURAS<\/a><\/li>\n<li><a href=\"https:\/\/www.agrosmartglobal.eu\/pt-pt\/2017\/05\/29\/1-6-novos-formatos-de-queijo-tipologia-2\/\">1.6. NOVOS FORMATOS DE QUEIJO<\/a><\/li>\n<li><a href=\"https:\/\/www.agrosmartglobal.eu\/pt-pt\/2017\/05\/29\/1-7-regeneracao-de-salmouras-atraves-de-purificacao-em-continuo-filtracao-tangencial-tipologia-3\/\">1.7. REGENERA\u00c7\u00c3O DE SALMOURAS ATRAV\u00c9S DE PURIFICA\u00c7\u00c3O EM CONT\u00cdNUO (FILTRA\u00c7\u00c3O TANGENCIAL)<\/a><\/li>\n<li><a href=\"https:\/\/www.agrosmartglobal.eu\/pt-pt\/2017\/05\/29\/1-8-filtracao-do-lactosoro-tipologia-3\/\">1.8. FILTRA\u00c7\u00c3O DO LACTOSORO<\/a><\/li>\n<li><a href=\"https:\/\/www.agrosmartglobal.eu\/pt-pt\/2017\/05\/29\/1-9-valorizacao-do-lactosoro-tipologia-3\/\">1.9. VALORIZA\u00c7\u00c3O DO LACTOSORO<\/a><\/li>\n<li><a href=\"https:\/\/www.agrosmartglobal.eu\/pt-pt\/2017\/05\/29\/1-10-etiquetagem-gs1-128-pequena-empresa-e-etiquetas-rfid-media-empresa-tipologia-4-5\/\">1.10. ETIQUETAGEM GS1-128 (PEQUENA EMPRESA) E ETIQUETAS RFID (M\u00c9DIA EMPRESA)<\/a><\/li>\n<li><a href=\"https:\/\/www.agrosmartglobal.eu\/pt-pt\/2017\/05\/29\/1-11-elaboracao-de-um-estudo-de-vida-util-tipologia-5\/\">1.11. ELABORA\u00c7\u00c3O DE UM ESTUDO DE VIDA \u00daTIL<\/a><\/li>\n<li><a href=\"https:\/\/www.agrosmartglobal.eu\/pt-pt\/2017\/05\/29\/1-12-embalagem-em-atmosfera-protetora-e-embalagem-ativa-tipologia-5\/\">1.12. EMBALAGEM EM ATMOSFERA PROTETORA E EMBALAGEM ATIVA<\/a><\/li>\n<li><a href=\"https:\/\/www.agrosmartglobal.eu\/pt-pt\/2017\/05\/29\/1-13-controle-do-leite-por-operadores-do-sector-lacteo-para-o-seu-transporte-r-d-17282007-e-r-d-7522011-tipologia-1\/\">1.13. CONTROLE DO LEITE POR OPERADORES DO SECTOR L\u00c1CTEO PARA O SEU TRANSPORTE (R.D. 1728\/2007 E R.D. 752\/2011)<\/a><\/li>\n<\/ul>\n<p>[\/vc_column_text][vc_column_text]<a name=\"carnes\"><\/a><\/p>\n<h2><img loading=\"lazy\" class=\"alignnone size-full wp-image-1337\" src=\"https:\/\/www.agrosmartglobal.eu\/wp-content\/uploads\/2017\/05\/SUDOEcarnica@3x.png\" alt=\"\" width=\"46\" height=\"46\" srcset=\"https:\/\/www.agrosmartglobal.eu\/wp-content\/uploads\/2017\/05\/SUDOEcarnica@3x.png 256w, https:\/\/www.agrosmartglobal.eu\/wp-content\/uploads\/2017\/05\/SUDOEcarnica@3x-150x150.png 150w\" sizes=\"(max-width: 46px) 100vw, 46px\" \/>\u00a0Carnes<\/h2>\n<ul>\n<li><a href=\"https:\/\/www.agrosmartglobal.eu\/pt-pt\/2017\/05\/29\/2-1-metodos-rapidos-no-controle-microbiologico-de-industrias-alimentares-tipologia-1\/\">2.1. M\u00c9TODOS R\u00c1PIDOS NO CONTROLE MICROBIOL\u00d3GICO DE IND\u00daSTRIAS ALIMENTARES<\/a><\/li>\n<li><a href=\"https:\/\/www.agrosmartglobal.eu\/pt-pt\/2017\/05\/15\/2-2-aplicacao-de-tecnologias-rapidas-nirs-no-controle-de-qualidade-e-categorizacao-de-carne-e-produtos-carneos-tipologia-1\/\">2.2. APLICA\u00c7\u00c3O DE TECNOLOGIAS R\u00c1PIDAS (NIRS) NO CONTROLE DE QUALIDADE E CATEGORIZA\u00c7\u00c3O DE CARNE E PRODUTOS C\u00c1RNEOS<\/a><\/li>\n<li><a href=\"https:\/\/www.agrosmartglobal.eu\/pt-pt\/2017\/05\/29\/2-3-aplicacao-de-novas-tecnologias-de-processamento-mediante-alta-pressao-hidrostatica-para-prolongar-a-vida-util-eou-obter-novos-produtos-carneos-tipologia-1-2\/\">2.3. APLICA\u00c7\u00c3O DE NOVAS TECNOLOGIAS DE PROCESSAMENTO MEDIANTE ALTA PRESS\u00c3O HIDROST\u00c1TICA PARA PROLONGAR A VIDA \u00daTIL E\/OU OBTER NOVOS PRODUTOS C\u00c1RNEOS<\/a><\/li>\n<li><a href=\"https:\/\/www.agrosmartglobal.eu\/pt-pt\/2017\/05\/29\/2-4-novos-formatos-adaptados-aos-habitos-de-consumo-tipologia-2\/\">2.4. NOVOS FORMATOS ADAPTADOS AOS H\u00c1BITOS DE CONSUMO<\/a><\/li>\n<li><a href=\"https:\/\/www.agrosmartglobal.eu\/pt-pt\/2017\/05\/29\/2-5-desenvolvimento-de-carne-e-produtos-carneos-saudaveis-tipologia-2\/\">2.5. DESENVOLVIMENTO DE CARNE E PRODUTOS C\u00c1RNEOS SAUD\u00c1VEIS<\/a><\/li>\n<li><a href=\"https:\/\/www.agrosmartglobal.eu\/pt-pt\/2017\/05\/29\/2-6-boas-praticas-de-manuseamento-na-fase-ante-mortem-de-transporte-de-animais-de-herdade-a-matadouro-tipologia-3\/\">2.6. BOAS PR\u00c1TICAS DE MANUSEAMENTO NA FASE ANTE MORTEM DE TRANSPORTE DE ANIMAIS DE HERDADE A MATADOURO<\/a><\/li>\n<li><a href=\"https:\/\/www.agrosmartglobal.eu\/pt-pt\/2017\/05\/29\/2-7-reconduzir-sistemas-de-producao-animal-a-sistema-de-producao-ecologico-procurando-um-valor-acrescentado-na-carne-e-nos-produtos-carneos-bem-como-noutros-produtos-de-origem-animal-tipologia-3\/\">2.7. RECONDUZIR SISTEMAS DE PRODU\u00c7\u00c3O ANIMAL A SISTEMA DE PRODU\u00c7\u00c3O ECOL\u00d3GICO, PROCURANDO UM VALOR ACRESCENTADO NA CARNE E NOS PRODUTOS C\u00c1RNEOS, BEM COMO NOUTROS PRODUTOS DE ORIGEM ANIMAL<\/a><\/li>\n<li><a href=\"https:\/\/www.agrosmartglobal.eu\/pt-pt\/2017\/05\/29\/2-8-novas-tecnologias-da-informacao-e-comunicacao-para-melhorar-a-rastreabilidade-nas-empresas-do-sector-carneo-tipologia-4\/\">2.8. NOVAS TECNOLOGIAS DA INFORMA\u00c7\u00c3O E COMUNICA\u00c7\u00c3O PARA MELHORAR A RASTREABILIDADE NAS EMPRESAS DO SECTOR C\u00c1RNEO<\/a><\/li>\n<li><a href=\"https:\/\/www.agrosmartglobal.eu\/pt-pt\/2017\/05\/29\/2-9-introducao-de-antioxidantes-de-origem-vegetal-com-o-objetivo-de-aumentar-a-vida-util-de-transformados-carneos-tipologia-5\/\">2.9. INTRODU\u00c7\u00c3O DE ANTIOXIDANTES DE ORIGEM VEGETAL COM O OBJETIVO DE AUMENTAR A VIDA \u00daTIL DE TRANSFORMADOS C\u00c1RNEOS<\/a><\/li>\n<li><a href=\"https:\/\/www.agrosmartglobal.eu\/pt-pt\/2017\/05\/29\/2-10-embalagens-ativas-eou-inteligentes-de-interesse-no-sector-carneo-tipologia-5\/\">2.10. EMBALAGENS ATIVAS E\/OU INTELIGENTES DE INTERESSE NO SECTOR C\u00c1RNEO<\/a><\/li>\n<li><a href=\"https:\/\/www.agrosmartglobal.eu\/pt-pt\/2017\/05\/29\/2-11-embalagem-em-atmosferas-modificadas-no-sector-carneo-tipologia-5\/\">2.11. EMBALAGEM EM ATMOSFERAS MODIFICADAS NO SECTOR C\u00c1RNEO<\/a><\/li>\n<li><a href=\"https:\/\/www.agrosmartglobal.eu\/pt-pt\/2017\/05\/29\/2-12-metodos-de-conservacao-por-frio-de-carne-e-produtos-carneos-tipologia-1\/\">2.12. M\u00c9TODOS DE CONSERVA\u00c7\u00c3O POR FRIO DE CARNE E PRODUTOS C\u00c1RNEOS<\/a><\/li>\n<\/ul>\n<p>[\/vc_column_text][vc_column_text]<a name=\"vegetais\"><\/a><\/p>\n<h2><img loading=\"lazy\" class=\"alignnone size-full wp-image-1367\" src=\"https:\/\/www.agrosmartglobal.eu\/wp-content\/uploads\/2017\/05\/SUDOEVegetales@3x.png\" alt=\"\" width=\"46\" height=\"46\" srcset=\"https:\/\/www.agrosmartglobal.eu\/wp-content\/uploads\/2017\/05\/SUDOEVegetales@3x.png 256w, https:\/\/www.agrosmartglobal.eu\/wp-content\/uploads\/2017\/05\/SUDOEVegetales@3x-150x150.png 150w\" sizes=\"(max-width: 46px) 100vw, 46px\" \/>\u00a0Vegetais<\/h2>\n<ul>\n<li><a href=\"https:\/\/www.agrosmartglobal.eu\/pt-pt\/2017\/05\/29\/3-1-adequacao-de-condicoes-climaticas-em-centrais-hortofruticolas-tipologia-1\/\">3.1. ADEQUA\u00c7\u00c3O DE CONDI\u00c7\u00d5ES CLIM\u00c1TICAS EM CENTRAIS HORTOFRUT\u00cdCOLAS<\/a><\/li>\n<li><a href=\"https:\/\/www.agrosmartglobal.eu\/pt-pt\/2017\/05\/29\/3-2-sistemas-de-pre-arrefecimento-para-a-melhoria-da-qualidade-de-frutas-e-legumes-tipologia-1\/\">3.2. SISTEMAS DE PR\u00c9-ARREFECIMENTO PARA A MELHORIA DA QUALIDADE DE FRUTAS E LEGUMES<\/a><\/li>\n<li><a href=\"https:\/\/www.agrosmartglobal.eu\/pt-pt\/2017\/05\/29\/3-3-utilizacao-de-absorventes-e-libertadores-de-etileno-e-1-metilciclopropeno-1-mcp-para-a-manutencao-da-qualidade-de-frutas-e-legumes-durante-o-seu-armazenamento-tipologia-1\/\">3.3. UTILIZA\u00c7\u00c3O DE ABSORVENTES E LIBERTADORES DE ETILENO, E 1-METILCICLOPROPENO (1-MCP) PARA A MANUTEN\u00c7\u00c3O DA QUALIDADE DE FRUTAS E LEGUMES DURANTE O SEU ARMAZENAMENTO<\/a><\/li>\n<li><a href=\"https:\/\/www.agrosmartglobal.eu\/pt-pt\/2017\/05\/29\/3-4-importancia-do-momento-otimo-de-recolecao-na-qualidade-da-fruta-tipologia-1\/\">3.4. IMPORT\u00c2NCIA DO MOMENTO \u00d3TIMO DE RECOLE\u00c7\u00c3O NA QUALIDADE DA FRUTA (TIPOLOGIA 1)<\/a><\/li>\n<li><a href=\"https:\/\/www.agrosmartglobal.eu\/pt-pt\/2017\/05\/29\/3-5-aplicacao-de-tecnologias-rapidas-nirs-no-controle-de-qualidade-e-classificacao-de-produtos-de-origem-vegetal-tipologia-1\/\">3.5. APLICA\u00c7\u00c3O DE TECNOLOGIAS R\u00c1PIDAS (NIRS) NO CONTROLE DE QUALIDADE E CLASSIFICA\u00c7\u00c3O DE PRODUTOS DE ORIGEM VEGETAL<\/a><\/li>\n<li><a href=\"https:\/\/www.agrosmartglobal.eu\/pt-pt\/2017\/05\/29\/3-6-equipamentos-de-classificacao-em-linha-de-frutas-e-legumes-tipologia-1\/\">3.6. EQUIPAMENTOS DE CLASSIFICA\u00c7\u00c3O EM LINHA DE FRUTAS E LEGUMES<\/a><\/li>\n<li><a href=\"https:\/\/www.agrosmartglobal.eu\/pt-pt\/2017\/05\/29\/3-7-processamento-minimo-e-iv-gama-de-frutas-e-legumes-tipologia-1-e-2\/\">3.7. PROCESSAMENTO M\u00cdNIMO E IV GAMA DE FRUTAS E LEGUMES<\/a><\/li>\n<li><a href=\"https:\/\/www.agrosmartglobal.eu\/pt-pt\/2017\/05\/29\/3-8-aplicacao-das-novas-tecnologias-de-processamento-mediante-alta-pressao-hidrostatica-para-prolongar-a-vida-util-de-produtos-de-origem-vegetal-mantendo-a-sua-qualidade-nutritiva-e-sensorial-tipolo\/\">3.8. APLICA\u00c7\u00c3O DAS NOVAS TECNOLOGIAS DE PROCESSAMENTO MEDIANTE ALTA PRESS\u00c3O HIDROST\u00c1TICA PARA PROLONGAR A VIDA \u00daTIL DE PRODUTOS DE ORIGEM VEGETAL MANTENDO A SUA QUALIDADE NUTRITIVA E SENSORIAL<\/a><\/li>\n<li><a href=\"https:\/\/www.agrosmartglobal.eu\/pt-pt\/2017\/05\/29\/3-9-diminuicao-do-conteudo-de-acucar-em-produtos-elaborados-com-frutas-e-legumes-tipologia-2\/\">3.9. DIMINUI\u00c7\u00c3O DO CONTE\u00daDO DE A\u00c7\u00daCAR EM PRODUTOS ELABORADOS COM FRUTAS E LEGUMES<\/a><\/li>\n<li><a href=\"https:\/\/www.agrosmartglobal.eu\/pt-pt\/2017\/05\/29\/3-10-medidas-profilaticas-em-pre-e-pos-colheita-para-prevenir-doencas-de-frutas-e-legumes-tipologia-1-e-3\/\">3.10. MEDIDAS PROFIL\u00c1TICAS EM PR\u00c9 E P\u00d3S COLHEITA PARA PREVENIR DOEN\u00c7AS DE FRUTAS E LEGUMES<\/a><\/li>\n<li><a href=\"https:\/\/www.agrosmartglobal.eu\/pt-pt\/2017\/05\/29\/3-11-manuseamento-e-valorizacao-de-residuos-e-subprodutos-de-frutas-e-legumes-tipologia-3\/\">3.11. MANUSEAMENTO E VALORIZA\u00c7\u00c3O DE RES\u00cdDUOS E SUBPRODUTOS DE FRUTAS E LEGUMES<\/a><\/li>\n<li><a href=\"https:\/\/www.agrosmartglobal.eu\/pt-pt\/2017\/05\/29\/3-12-utilizacao-de-embalagem-inteligente-em-frutas-e-legumes-tipologia-4\/\">3.12. UTILIZA\u00c7\u00c3O DE EMBALAGEM INTELIGENTE EM FRUTAS E LEGUMES<\/a><\/li>\n<li><a href=\"https:\/\/www.agrosmartglobal.eu\/pt-pt\/2017\/05\/29\/3-13-utilizacao-de-agentes-higienizadores-e-desinfetantes-para-a-melhoria-da-seguranca-alimentar-em-frutas-e-legumes-tipologia-3-e-5\/\">3.13. UTILIZA\u00c7\u00c3O DE AGENTES HIGIENIZADORES E DESINFETANTES PARA A MELHORIA DA SEGURAN\u00c7A ALIMENTAR EM FRUTAS E LEGUMES<\/a><\/li>\n<li><a href=\"https:\/\/www.agrosmartglobal.eu\/pt-pt\/2017\/05\/29\/3-14-utilizacao-de-embalagem-em-atmosferas-gasosas-modificadas-e-controladas-para-o-incremento-da-vida-util-de-frutas-e-legumes-tipologia-1-e-5\/\">3.14. UTILIZA\u00c7\u00c3O DE EMBALAGEM EM ATMOSFERAS GASOSAS (MODIFICADAS E CONTROLADAS) PARA O INCREMENTO DA VIDA \u00daTIL DE FRUTAS E LEGUMES<\/a><\/li>\n<\/ul>\n<p>[\/vc_column_text][vc_column_text]<a name=\"azeites\"><\/a><\/p>\n<h2><img loading=\"lazy\" class=\"alignnone size-full wp-image-1329\" src=\"https:\/\/www.agrosmartglobal.eu\/wp-content\/uploads\/2017\/05\/SUDOEAceites@3x.png\" alt=\"\" width=\"46\" height=\"46\" srcset=\"https:\/\/www.agrosmartglobal.eu\/wp-content\/uploads\/2017\/05\/SUDOEAceites@3x.png 256w, https:\/\/www.agrosmartglobal.eu\/wp-content\/uploads\/2017\/05\/SUDOEAceites@3x-150x150.png 150w\" sizes=\"(max-width: 46px) 100vw, 46px\" \/>\u00a0Azeites<\/h2>\n<ul>\n<li><a href=\"https:\/\/www.agrosmartglobal.eu\/pt-pt\/2017\/05\/29\/4-1-determinacao-do-momento-otimo-de-recolecao-da-azeitona-tipologia-1\/\">4.1 DETERMINA\u00c7\u00c3O DO MOMENTO \u00d3TIMO DE RECOLE\u00c7\u00c3O DA AZEITONA<\/a><\/li>\n<li><a href=\"https:\/\/www.agrosmartglobal.eu\/pt-pt\/2017\/05\/29\/4-2-classificacao-e-separacao-por-lotes-doscarregamentos-de-azeitona-que-entram-num-lagar-antes-da-sua-elaboracao-estabelecimento-de-qualidades-em-funcao-do-estado-sanitario-indice-de-maturacao-v\/\">4.2. CLASSIFICA\u00c7\u00c3O E SEPARA\u00c7\u00c3O POR LOTES DOSCARREGAMENTOS DE AZEITONA QUE ENTRAM NUM LAGAR, ANTES DA SUA ELABORA\u00c7\u00c3O. ESTABELECIMENTO DE QUALIDADES EM FUN\u00c7\u00c3O DO ESTADO SANIT\u00c1RIO, \u00cdNDICE DE MATURA\u00c7\u00c3O, VARIEDADE OU PROVENI\u00caNCIA (SOLO, AR)<\/a><\/li>\n<li><a href=\"https:\/\/www.agrosmartglobal.eu\/pt-pt\/2017\/05\/29\/4-3-sistema-de-controle-da-temperatura-da-massa-de-azeitona-em-batedura-tipologia-1\/\">4.3. SISTEMA DE CONTROLE DA TEMPERATURA DA MASSA DE AZEITONA EM BATEDURA<\/a><\/li>\n<li><a href=\"https:\/\/www.agrosmartglobal.eu\/pt-pt\/2017\/05\/29\/4-4-sistema-de-controle-dequantidade-de-azeite-elaborado-tipologia-1\/\">4.4. SISTEMA DE CONTROLE DEQUANTIDADE DE AZEITE ELABORADO<\/a><\/li>\n<li><a href=\"https:\/\/www.agrosmartglobal.eu\/pt-pt\/2017\/05\/29\/4-5-estabelecimento-das-variaveis-do-processo-de-elaboracao-de-azeite-para-a-obtencao-de-aov-de-qualidadetipologia-1\/\">4.5. ESTABELECIMENTO DAS VARI\u00c1VEIS DO PROCESSO DE ELABORA\u00c7\u00c3O DE AZEITE PARA A OBTEN\u00c7\u00c3O DE AOV DE QUALIDADE<\/a><\/li>\n<li><a href=\"https:\/\/www.agrosmartglobal.eu\/pt-pt\/2017\/05\/29\/4-6-sistema-de-medicao-de-rendimento-industrial-real-atraves-de-equilibrios-de-entrada-de-materia-prima-em-moenda-e-azeite-obtido-e-armazenado-em-depositos-juntamente-com-esgotamento-de-subprodutos\/\">4.6. SISTEMA DE MEDI\u00c7\u00c3O DE RENDIMENTO INDUSTRIAL REAL, ATRAV\u00c9S DE EQUIL\u00cdBRIOS DE ENTRADA DE MAT\u00c9RIA-PRIMA EM MOENDA E AZEITE OBTIDO E ARMAZENADO EM DEP\u00d3SITOS, JUNTAMENTE COM ESGOTAMENTO DE SUBPRODUTOS<\/a><\/li>\n<li><a href=\"https:\/\/www.agrosmartglobal.eu\/pt-pt\/2017\/05\/29\/4-7-aplicacao-de-tecnologias-rapidas-nirs-no-controle-de-qualidade-e-classificacao-de-produtos-de-origem-vegetal-tipologia-1\/\">4.7. APLICA\u00c7\u00c3O DE TECNOLOGIAS R\u00c1PIDAS (NIRS) NO CONTROLE DE QUALIDADE E CLASSIFICA\u00c7\u00c3O DE PRODUTOS DE ORIGEM VEGETAL<\/a><\/li>\n<li><a href=\"https:\/\/www.agrosmartglobal.eu\/pt-pt\/2017\/05\/29\/4-8-formacao-e-preparacao-de-provadores-especialistas-de-azeite-virgem-para-a-classificacao-em-producao-do-azeite-obtido-tipologia-1\/\">4.8. FORMA\u00c7\u00c3O E PREPARA\u00c7\u00c3O DE PROVADORES ESPECIALISTAS DE AZEITE VIRGEM PARA A CLASSIFICA\u00c7\u00c3O EM PRODU\u00c7\u00c3O DO AZEITE OBTIDO<\/a><\/li>\n<li><a href=\"https:\/\/www.agrosmartglobal.eu\/pt-pt\/2017\/05\/29\/4-9-caracterizacao-de-azeite-virgem-tipologia-1\/\">4.9. CARACTERIZA\u00c7\u00c3O DE AZEITE VIRGEM<\/a><\/li>\n<li><a href=\"https:\/\/www.agrosmartglobal.eu\/pt-pt\/2017\/05\/29\/4-10-conservacao-de-azeites-virgem-em-adega-tipologia-1\/\">4.10. CONSERVA\u00c7\u00c3O DE AZEITES VIRGEM EM ADEGA<\/a><\/li>\n<li><a href=\"https:\/\/www.agrosmartglobal.eu\/pt-pt\/2017\/05\/29\/4-11-procedimentos-de-embalamento-do-azeite-virgem-que-garantam-a-conservacao-do-produto-durante-a-sua-vida-util-tipologia-2\/\">4.11. PROCEDIMENTOS DE EMBALAMENTO DO AZEITE VIRGEM QUE GARANTAM A CONSERVA\u00c7\u00c3O DO PRODUTO DURANTE A SUA VIDA \u00daTIL<\/a><\/li>\n<li><a href=\"https:\/\/www.agrosmartglobal.eu\/pt-pt\/2017\/05\/29\/4-12-sistema-de-rastreabilidade-em-industrias-oleicolas-tipologia-4\/\">4.12. SISTEMA DE RASTREABILIDADE EM IND\u00daSTRIAS OLE\u00cdCOLAS<\/a><\/li>\n<li><a href=\"https:\/\/www.agrosmartglobal.eu\/pt-pt\/2017\/05\/29\/4-13-etiqueta-inteligente-de-azeite-virgem-tipologia-5\/\">4.13 ETIQUETA INTELIGENTE DE AZEITE VIRGEM<\/a><\/li>\n<\/ul>\n<p>[\/vc_column_text][vc_column_text]<a name=\"vinhos\"><\/a><\/p>\n<h2><img loading=\"lazy\" class=\"alignnone size-full wp-image-1345\" src=\"https:\/\/www.agrosmartglobal.eu\/wp-content\/uploads\/2017\/05\/SUDOEEnologia@3x.png\" alt=\"\" width=\"46\" height=\"46\" srcset=\"https:\/\/www.agrosmartglobal.eu\/wp-content\/uploads\/2017\/05\/SUDOEEnologia@3x.png 256w, https:\/\/www.agrosmartglobal.eu\/wp-content\/uploads\/2017\/05\/SUDOEEnologia@3x-150x150.png 150w\" sizes=\"(max-width: 46px) 100vw, 46px\" \/>\u00a0Vinhos<\/h2>\n<ul>\n<li><a href=\"https:\/\/www.agrosmartglobal.eu\/pt-pt\/2017\/05\/29\/5-1-seguimento-do-processo-de-maturacao-da-uva-tipologia-1\/\">5.1. SEGUIMENTO DO PROCESSO DE MATURA\u00c7\u00c3O DA UVA<\/a><\/li>\n<li><a href=\"https:\/\/www.agrosmartglobal.eu\/pt-pt\/2017\/05\/29\/5-2-classificacao-e-determinacao-da-qualidade-da-uva-em-adega-em-funcao-do-seu-destino-tipologia-1\/\">5.2. CLASSIFICA\u00c7\u00c3O E DETERMINA\u00c7\u00c3O DA QUALIDADE DA UVA EM ADEGA EM FUN\u00c7\u00c3O DO SEU DESTINO<\/a><\/li>\n<li><a href=\"https:\/\/www.agrosmartglobal.eu\/pt-pt\/2017\/05\/29\/5-3-transporte-adequado-da-vindima-tipologia-1\/\">5.3. TRANSPORTE ADEQUADO DA VINDIMA<\/a><\/li>\n<li><a href=\"https:\/\/www.agrosmartglobal.eu\/pt-pt\/2017\/05\/29\/5-4-controle-termico-dos-processos-enologicos-tipologia-1\/\">5.4. CONTROLE T\u00c9RMICO DOS PROCESSOS ENOL\u00d3GICOS<\/a><\/li>\n<li><a href=\"https:\/\/www.agrosmartglobal.eu\/pt-pt\/2017\/05\/29\/5-5-diminuicao-do-grau-de-oxidacao-e-aumento-da-limpidez-dos-mostos-brancos-usados-na-vinificacao-de-vinho-branco-tipologia-1\/\">5.5. DIMINUI\u00c7\u00c3O DO GRAU DE OXIDA\u00c7\u00c3O E AUMENTO DA LIMPIDEZ DOS MOSTOS BRANCOS USADOS NA VINIFICA\u00c7\u00c3O DE VINHO BRANCO<\/a><\/li>\n<li><a href=\"https:\/\/www.agrosmartglobal.eu\/pt-pt\/2017\/05\/29\/5-6-diminuicao-das-quantidades-de-sulfitos-so2-tipologia-1\/\">5.6. DIMINUI\u00c7\u00c3O DAS QUANTIDADES DE SULFITOS (SO2)<\/a><\/li>\n<li><a href=\"https:\/\/www.agrosmartglobal.eu\/pt-pt\/2017\/05\/29\/5-7-elaboracao-de-bebidas-de-baixa-graduacao-alcoolica-a-partir-de-mostos-de-uva-tipologia-2\/\">5.7. ELABORA\u00c7\u00c3O DE BEBIDAS DE BAIXA GRADUA\u00c7\u00c3O ALCO\u00d3LICA A PARTIR DE MOSTOS DE UVA<\/a><\/li>\n<li><a href=\"https:\/\/www.agrosmartglobal.eu\/pt-pt\/2017\/05\/29\/5-8-gestao-de-residuos-tipologia-3\/\">5.8. GEST\u00c3O DE RES\u00cdDUOS<\/a><\/li>\n<li><a href=\"https:\/\/www.agrosmartglobal.eu\/pt-pt\/2017\/05\/29\/5-9-embalamento-em-bag-in-box-tipologia-5\/\">5.9. EMBALAGEM EM BAG IN BOX<\/a><\/li>\n<li><a href=\"https:\/\/www.agrosmartglobal.eu\/pt-pt\/2017\/05\/29\/5-10-uso-de-leveduras-autoctones-tipologia-5\/\">5.10. USO DE LEVEDURAS AUT\u00d3CTONES<\/a><\/li>\n<\/ul>\n<p>[\/vc_column_text][\/vc_column_inner][\/vc_row_inner]    <\/div><!-- .container -->\n[\/vc_column][\/vc_row]<\/p>\n","protected":false},"excerpt":{"rendered":"<p>[vc_row][vc_column][\/vc_column][\/vc_row]<\/p>\n","protected":false},"author":3,"featured_media":0,"parent":0,"menu_order":0,"comment_status":"closed","ping_status":"closed","template":"","meta":{"_bbp_topic_count":0,"_bbp_reply_count":0,"_bbp_total_topic_count":0,"_bbp_total_reply_count":0,"_bbp_voice_count":0,"_bbp_anonymous_reply_count":0,"_bbp_topic_count_hidden":0,"_bbp_reply_count_hidden":0,"_bbp_forum_subforum_count":0},"_links":{"self":[{"href":"https:\/\/www.agrosmartglobal.eu\/pt-pt\/wp-json\/wp\/v2\/pages\/3579"}],"collection":[{"href":"https:\/\/www.agrosmartglobal.eu\/pt-pt\/wp-json\/wp\/v2\/pages"}],"about":[{"href":"https:\/\/www.agrosmartglobal.eu\/pt-pt\/wp-json\/wp\/v2\/types\/page"}],"author":[{"embeddable":true,"href":"https:\/\/www.agrosmartglobal.eu\/pt-pt\/wp-json\/wp\/v2\/users\/3"}],"replies":[{"embeddable":true,"href":"https:\/\/www.agrosmartglobal.eu\/pt-pt\/wp-json\/wp\/v2\/comments?post=3579"}],"version-history":[{"count":11,"href":"https:\/\/www.agrosmartglobal.eu\/pt-pt\/wp-json\/wp\/v2\/pages\/3579\/revisions"}],"predecessor-version":[{"id":9959,"href":"https:\/\/www.agrosmartglobal.eu\/pt-pt\/wp-json\/wp\/v2\/pages\/3579\/revisions\/9959"}],"wp:attachment":[{"href":"https:\/\/www.agrosmartglobal.eu\/pt-pt\/wp-json\/wp\/v2\/media?parent=3579"}],"curies":[{"name":"wp","href":"https:\/\/api.w.org\/{rel}","templated":true}]}}