{"id":10659,"date":"2018-06-20T13:21:03","date_gmt":"2018-06-20T11:21:03","guid":{"rendered":"https:\/\/www.agrosmartglobal.eu\/formacion\/"},"modified":"2021-03-03T17:28:50","modified_gmt":"2021-03-03T16:28:50","slug":"formacao","status":"publish","type":"page","link":"https:\/\/www.agrosmartglobal.eu\/pt-pt\/formacao\/","title":{"rendered":"Forma\u00e7\u00e3o"},"content":{"rendered":"<p>[vc_row][vc_column el_class=&#8221;container&#8221;][vc_column_text]<\/p>\n<p>No \u00e2mbito do <a href=\"https:\/\/www.agrosmartglobal.eu\/pt-pt\/agrosmartcoop\/\">AGROSMARTcoop<\/a>, foram ministrados cursos em 6 \u00e1reas tem\u00e1ticas:<\/p>\n<ol>\n<li>Inova\u00e7\u00e3o em processos industriais<\/li>\n<li>Inova\u00e7\u00e3o no produto<\/li>\n<li>Economia circular, sustentabilidade e an\u00e1lise do ciclo de vida<\/li>\n<li>Rastreabilidade<\/li>\n<li>Inova\u00e7\u00e3o na gest\u00e3o<\/li>\n<li>Marketing e comercio inteligente<\/li>\n<\/ol>\n<p>Os conte\u00fados program\u00e1ticos dos cursos ministrados em espanhol e em franc\u00eas podem ser descarregados aqui.<\/p>\n<ul>\n<li><a href=\"https:\/\/www.agrosmartglobal.eu\/formacion\/\">Cursos em espanhol<\/a><\/li>\n<li><a href=\"https:\/\/www.agrosmartglobal.eu\/fr\/formation\/\">Cursos em franc\u00eas<\/a><\/li>\n<\/ul>\n<p>[\/vc_column_text][\/vc_column][\/vc_row]<\/p>\n","protected":false},"excerpt":{"rendered":"<p>[vc_row][vc_column el_class=&#8221;container&#8221;][vc_column_text] No \u00e2mbito do AGROSMARTcoop, foram ministrados cursos em 6 \u00e1reas tem\u00e1ticas: Inova\u00e7\u00e3o em processos industriais Inova\u00e7\u00e3o no produto Economia circular, sustentabilidade e an\u00e1lise do ciclo de vida Rastreabilidade Inova\u00e7\u00e3o na gest\u00e3o Marketing e comercio inteligente Os conte\u00fados program\u00e1ticos dos cursos ministrados em espanhol e em franc\u00eas podem ser descarregados aqui. Cursos em espanhol [&hellip;]<\/p>\n","protected":false},"author":4,"featured_media":0,"parent":0,"menu_order":0,"comment_status":"closed","ping_status":"closed","template":"template-descargas.php","meta":{"_bbp_topic_count":0,"_bbp_reply_count":0,"_bbp_total_topic_count":0,"_bbp_total_reply_count":0,"_bbp_voice_count":0,"_bbp_anonymous_reply_count":0,"_bbp_topic_count_hidden":0,"_bbp_reply_count_hidden":0,"_bbp_forum_subforum_count":0},"_links":{"self":[{"href":"https:\/\/www.agrosmartglobal.eu\/pt-pt\/wp-json\/wp\/v2\/pages\/10659"}],"collection":[{"href":"https:\/\/www.agrosmartglobal.eu\/pt-pt\/wp-json\/wp\/v2\/pages"}],"about":[{"href":"https:\/\/www.agrosmartglobal.eu\/pt-pt\/wp-json\/wp\/v2\/types\/page"}],"author":[{"embeddable":true,"href":"https:\/\/www.agrosmartglobal.eu\/pt-pt\/wp-json\/wp\/v2\/users\/4"}],"replies":[{"embeddable":true,"href":"https:\/\/www.agrosmartglobal.eu\/pt-pt\/wp-json\/wp\/v2\/comments?post=10659"}],"version-history":[{"count":6,"href":"https:\/\/www.agrosmartglobal.eu\/pt-pt\/wp-json\/wp\/v2\/pages\/10659\/revisions"}],"predecessor-version":[{"id":10761,"href":"https:\/\/www.agrosmartglobal.eu\/pt-pt\/wp-json\/wp\/v2\/pages\/10659\/revisions\/10761"}],"wp:attachment":[{"href":"https:\/\/www.agrosmartglobal.eu\/pt-pt\/wp-json\/wp\/v2\/media?parent=10659"}],"curies":[{"name":"wp","href":"https:\/\/api.w.org\/{rel}","templated":true}]}}