{"id":9976,"date":"2021-01-04T12:34:16","date_gmt":"2021-01-04T11:34:16","guid":{"rendered":"https:\/\/www.agrosmartglobal.eu\/?page_id=9976"},"modified":"2021-04-06T16:36:55","modified_gmt":"2021-04-06T14:36:55","slug":"agrosmartcoop","status":"publish","type":"page","link":"https:\/\/www.agrosmartglobal.eu\/fr\/agrosmartcoop\/","title":{"rendered":"Agrosmartcoop"},"content":{"rendered":"<p>[vc_row][vc_column]    <div class=\"container \">\n      [vc_column_text]<\/p>\n    <h2 class=\"section-title \">PR\u00c9SENTATION<\/h2>\n\n<p>AGROSMARTcoop est un projet europ\u00e9en cofinanc\u00e9 par le Programme Interreg Sudoe 2014-2020 sous l\u2019axe prioritaire 2: Stimuler la comp\u00e9titivit\u00e9 et l\u2019internationalisation des PME du Sud-ouest europ\u00e9en.<\/p>\n<p>Son l\u2019objectif principal est de cr\u00e9er un espace intelligent de promotion, d\u2019interconnexion et d\u2019interaction dot\u00e9 de structures, d\u2019outils et de services avanc\u00e9s de soutien aux coop\u00e9ratives agroalimentaires de l\u2019espace Sudoe.<\/p>\n<p>[\/vc_column_text][vc_video link=\u00a0\u00bbhttps:\/\/www.youtube.com\/watch?v=nNd1yK-6tkg\u00a0\u00bb]    <\/div><!-- .container -->\n[\/vc_column][\/vc_row][vc_row el_class=\u00a0\u00bbsection-gray\u00a0\u00bb][vc_column]    <div class=\"container \">\n      [vc_column_text]    <h2 class=\"section-title text-center margin-bottom-60\"> OBJETIFS SP\u00c9CIFIQUES <\/h2>\n[\/vc_column_text][vc_row_inner][vc_column_inner width=\u00a0\u00bb1\/3&Prime;][vc_column_text]<\/p>\n<div class=\"wow fadeInUp\">\n<p><img loading=\"lazy\" class=\"img-responsive aligncenter\" src=\"https:\/\/www.agrosmartglobal.eu\/wp-content\/uploads\/2016\/12\/1-1.png\" alt=\"\" width=\"128\" height=\"128\" \/><\/p>\n<p style=\"text-align: center;\">Encourager l\u2019\u00e9co-innovation entre les coop\u00e9ratives AA de l\u2019espace Sudoe pour optimiser leur potentiel de croissance et de valeur ajout\u00e9e.<\/p>\n<\/div>\n<p>[\/vc_column_text][\/vc_column_inner][vc_column_inner width=\u00a0\u00bb1\/3&Prime;][vc_column_text]<\/p>\n<div class=\"wow fadeInUp\" data-wow-delay=\"0.3s\">\n<p><img loading=\"lazy\" class=\"img-responsive aligncenter\" src=\"https:\/\/www.agrosmartglobal.eu\/wp-content\/uploads\/2016\/12\/2-1.png\" alt=\"\" width=\"128\" height=\"128\" \/><\/p>\n<p style=\"text-align: center;\">Soutenir le marketing intelligent des produits des coop\u00e9ratives AA et mettre en valeur leur qualit\u00e9 et leur caract\u00e8re endog\u00e8nes.<\/p>\n<\/div>\n<p>[\/vc_column_text][\/vc_column_inner][vc_column_inner width=\u00a0\u00bb1\/3&Prime;][vc_column_text]<\/p>\n<div class=\"wow fadeInUp\" data-wow-delay=\"0.6s\">\n<p><img loading=\"lazy\" class=\"img-responsive aligncenter\" src=\"https:\/\/www.agrosmartglobal.eu\/wp-content\/uploads\/2016\/12\/3-1.png\" alt=\"\" width=\"128\" height=\"128\" \/><\/p>\n<p style=\"text-align: center;\">Encourager l\u2019association des coop\u00e9ratives AA de l\u2019espace Sudoe et la cr\u00e9ation d\u2019alliances et de projets strat\u00e9giques par le biais de l\u2019intercoop\u00e9ration.<\/p>\n<\/div>\n<p>[\/vc_column_text][\/vc_column_inner][\/vc_row_inner]    <\/div><!-- .container -->\n[\/vc_column][\/vc_row][vc_row][vc_column]    <div class=\"container \">\n      [vc_row_inner][vc_column_inner width=\u00a0\u00bb1\/2&Prime;][vc_column_text]    <h2 class=\"section-title text-center\"> BUDGET <\/h2>\n<\/p>\n<p style=\"text-align: center;\">Le projet AGROSMARTcoop dispose d\u2019un budget total de 1.295.000 \u20ac et est cofinanc\u00e9 \u00e0 75% par le Fonds Europ\u00e9en de D\u00e9veloppement Economique R\u00e9gional (FEDER)<\/p>\n<p style=\"text-align: center;\"><em>AGROSMARTcoop est un projet europ\u00e9en co-financ\u00e9 par le programme Interreg Sudoe 2014-2020.<\/em><\/p>\n<p>[\/vc_column_text][\/vc_column_inner][vc_column_inner width=\u00a0\u00bb1\/2&Prime;][vc_column_text]<\/p>\n<div>    <h2 class=\"section-title text-center\">DUR\u00c9E DU PROJET <\/h2>\n    <div class=\"duracion-proyecto\">\n      <div class=\"numero-meses\">0<\/div>\n      <div class=\"info-meses\">\n        <div class=\"palabra-meses\">MOIS<\/div>\n        <div class=\"frase-meses\">Du 1er juillet 2016 <br>au 30 juin 2018<\/div>\n      <\/div>\n    <\/div>\n    <script>\n      jQuery(function($){\n        $('.numero-meses').appear();\n        var numero_meses_cargado = 0;\n        \n        $('.numero-meses').on('appear', function(event, $all_appeared_elements) {\n          if(!numero_meses_cargado){\n            numero_meses_cargado = 1;\n            $('.numero-meses').animateNumber({ number: 24 }, 1000);\n          }\n        });       \n      });\n    <\/script>\n<\/div>\n<p>[\/vc_column_text][\/vc_column_inner][\/vc_row_inner]    <\/div><!-- .container -->\n[\/vc_column][\/vc_row][vc_row el_class=\u00a0\u00bbsection-gray\u00a0\u00bb][vc_column]    <div class=\"container \">\n      [vc_row_inner][vc_column_inner width=\u00a0\u00bb1\/2&Prime;][vc_column_text]<\/p>\n<div><img class=\"img-responsive\" src=\"https:\/\/www.agrosmartglobal.eu\/wp-content\/uploads\/2016\/12\/olive.jpg\" \/><\/div>\n<p>[\/vc_column_text][\/vc_column_inner][vc_column_inner width=\u00a0\u00bb1\/2&Prime;][vc_column_text]    <h2 class=\"section-title \">CARACT\u00c8RE NOVATEUR<\/h2>\n AGROSMARTcoop introduit \u00e9galement un concept nouveau, le marketing intelligent, qui consiste \u00e0 exploiter le potentiel des coop\u00e9ratives (la qualit\u00e9 et le caract\u00e8re endog\u00e8ne de leurs produits) et l\u2019aligner avec l\u2019innovation, la science et la technologie. L\u2019innovation de l\u2019intercoop\u00e9ration devient donc une ressource cl\u00e9 pour l\u2019investissement dans la mise en \u0153uvre de nouvelles techniques et de nouvelles technologies pour l\u2019innovation durable et le marketing.[\/vc_column_text][\/vc_column_inner][\/vc_row_inner]    <\/div><!-- .container -->\n[\/vc_column][\/vc_row][vc_row][vc_column]    <div class=\"container \">\n      [vc_column_text]    <h2 class=\"section-title \"> ACTIVIT\u00c9S ET R\u00c9SULTATS ATTENDUS POUR LES COOP\u00c9RATIVES DE L\u2019ESPACE SUDOE <\/h2>\n <strong>1\u00ba Analyse de la r\u00e9silience des coop\u00e9ratives agroalimentaires de l\u2019espace Sudoe sur le march\u00e9 actuel, int\u00e9gration et augmentation de leur dimension d\u2019entreprise<\/strong> R\u00e9sultats:<\/p>\n<ul>\n<li>Am\u00e9liorer les connaissances sur le potentiel des coop\u00e9ratives AA de l\u2019espace Sudoe et sur les cas de r\u00e9ussites les plus pertinents concernant l\u2019\u00e9co-innovation et le marketing intelligent; am\u00e9liorer les actions strat\u00e9giques pour la comp\u00e9titivit\u00e9 et la durabilit\u00e9<\/li>\n<\/ul>\n<p><strong>2\u00ba D\u00e9veloppement et revitalisation de la plateforme virtuelle d\u2019intercoop\u00e9ration<\/strong> R\u00e9sultats:<\/p>\n<ul>\n<li>Cr\u00e9er un cadre favorable \u00e0 l\u2019\u00e9co-innovation, \u00e0 la commercialisation et \u00e0 l\u2019intercoop\u00e9ration qui favorise le transfert des connaissances scientifiques et technologiques et l\u2019\u00e9change de bonnes pratiques.<\/li>\n<li>Mise \u00e0 disposition aux coop\u00e9ratives AA et aux acteurs cl\u00e9s de l\u2019espace Sudoe d\u2019un recueil d\u2019informations, d\u2019outils et de services avanc\u00e9s de soutien en mati\u00e8re d\u2019\u00e9co-innovation et de commercialisation.<\/li>\n<\/ul>\n<p><strong>3\u00ba Diffusion et promotion des connaissances scientifiques et technologiques et promotionnelles.<\/strong> R\u00e9sultats:<\/p>\n<ul>\n<li>D\u00e9velopper des activit\u00e9s de sensibilisation et des programmes de formation pour les coop\u00e9ratives agroalimentaires et les acteurs-cl\u00e9s s.<\/li>\n<li>Renforcer les connaissances sur l\u2019\u00e9co-innovation et le marketing.<\/li>\n<li>Accro\u00eetre la participation des coop\u00e9ratives agroalimentaires aux activit\u00e9s de promotion du marketing.<\/li>\n<li>Renforcement de l\u2019intercoop\u00e9ration pour g\u00e9n\u00e9rer des alliances et des projets strat\u00e9giques, notamment \u00e0 travers l\u2019\u00e9change d\u2019exp\u00e9riences in situ..<\/li>\n<\/ul>\n<p>[\/vc_column_text]    <\/div><!-- .container -->\n[\/vc_column][\/vc_row][vc_row el_class=\u00a0\u00bbsection-gray\u00a0\u00bb][vc_column]    <div class=\"container \">\n      [vc_column_text]<\/p>\n<p>    <h2 class=\"section-title \"> LIVRABLES DU PROJET <\/h2>\n AGROSMARTcoop attend que ses r\u00e9sultats servent non seulement pour les entit\u00e9s qu\u2019il comprise, mais aussi pour les coop\u00e9ratives AA de l&rsquo;espace SUDOE. AGROSMARTcoop offre aux b\u00e9n\u00e9ficiaires directs d\u2019AGROSMARTcoop des produits et des services pour qu\u2019ils am\u00e9liorent dans plusieurs domaines:<\/p>\n<ul>\n<li>L\u2019innovation durable, la commercialisation et le marketing intelligent gr\u00e2ce \u00e0 la cr\u00e9ation de Groupes Op\u00e9rationnels Transnationaux.<\/li>\n<li>La comp\u00e9titivit\u00e9, moyennant un plan strat\u00e9gique commun.<\/li>\n<li>l\u2019intercoop\u00e9ration et la promotion de pratiques novatrices gr\u00e2ce \u00e0 une Plateforme virtuelle et un Laboratoire virtual (AgroLab).<\/li>\n<li>l\u2019innovation technologique durable et la commercialisation intelligente moyennant des conseils techniques et un programme de formation.<\/li>\n<li>Diffusion et de promotion de pratiques novatrices entre les coop\u00e9ratives AA.<\/li>\n<\/ul>\n<p class=\"p1\"><span class=\"s1\">Certains services d&rsquo;AGROSMARTcoop continuent avec AGROSMARTglobal:<\/span><\/p>\n<ul>\n<li class=\"li1\"><a href=\"https:\/\/www.agrosmartglobal.eu\/fr\/cooperativas\/\"><span class=\"s2\">Carte de G\u00e9olocalizaci\u00f3n<\/span><\/a><\/li>\n<li class=\"li2\"><a href=\"https:\/\/www.agrosmartglobal.eu\/fr\/catalogo\/\"><span class=\"s4\">E-Catalogue<\/span><\/a><\/li>\n<li class=\"li2\"><a href=\"https:\/\/www.agrosmartglobal.eu\/fr\/mapa-financiamiento\/\"><span class=\"s4\">Carte de financement<\/span><\/a><\/li>\n<li class=\"li1\"><a href=\"https:\/\/www.agrosmartglobal.eu\/fr\/audit-technologique\/\"><span class=\"s6\">Services d&rsquo;audit technologique<\/span><\/a><\/li>\n<\/ul>\n<p class=\"p1\"><span class=\"s1\">D\u2019 autres activit\u00e9s d\u00e9velopp\u00e9es pendant AGROSMARTcoop \u00e9taient:<\/span><\/p>\n<ul>\n<li class=\"li1\"><span class=\"s2\"><b>Outil de surveillance technollogique dans le secteur agroalimentaire <\/b>&#8211; Outil TIC utilis\u00e9 pour l&rsquo;identification et la diffusion des informations et des opportunit\u00e9s li\u00e9es \u00e0 I+D+i, d\u00e9veloppement technologique et TIC,etc. Il contenait un service d&rsquo;alertes personnalis\u00e9es pour chaque processus strat\u00e9gique identifi\u00e9.<\/span><\/li>\n<li class=\"li1\"><span class=\"s2\"><b>Serious Game <\/b>&#8211; Jeu didactique de questions et r\u00e9ponses. Son contenu \u00e9tait li\u00e9 aux objectifs du projet.<\/span><\/li>\n<li class=\"li1\"><span class=\"s2\"><b>Conseil en Innnovation Technologique Durable <\/b> \u2013 Service personnalis\u00e9 de conseil et de soutien aux entreprises, \u00e0 travers lequel les coop\u00e9ratives agroalimentaires de l\u2019espace SUDOE d\u00e9pendantes des b\u00e9n\u00e9ficiaires au projet pourront \u00eatre inform\u00e9es sur l\u2019int\u00e9gration des processus, des nouvelles techniques ou technologies durables et des nouveaux produits. Ces services couvriront les 5 secteurs strat\u00e9giques trait\u00e9s dans le projet : huile d\u2019olive, viande, \u0153nologie, produits laitiers et l\u00e9gumes.<\/span><\/li>\n<li class=\"li2\"><span class=\"s2\"><b>Conseil en Marketing Intelligent<\/b><\/span> <span class=\"s2\">\u2013 Cet outil offre un service personnalis\u00e9 de conseil et d\u2019assistance aux entreprises, par l\u2019interm\u00e9diaire des coop\u00e9ratives agroalimentaires de SUDOE d\u00e9pendant des b\u00e9n\u00e9ficiaires participant au projet elles peuvent \u00eatre conseill\u00e9 sur les th\u00e8mes Marketing et Commercialisation intelligente.<\/span><\/li>\n<\/ul>\n<p class=\"p1\"><span class=\"s1\">Le service de Conseil en Marketing Intelligent propose aussi les outils suivants:<\/span><\/p>\n<ul>\n<li class=\"p1\"><span class=\"s1\"><a href=\"https:\/\/www.agrosmartglobal.eu\/fr\/marketing-int\/e-commerce\/\">SERVICE TECHNIQUE- E-commerce<\/a><\/span><\/li>\n<li class=\"p1\"><a href=\"https:\/\/www.agrosmartglobal.eu\/fr\/marketing-int\/reseaux-sociaux\/\"><span class=\"s1\">SERVICIO TECHNIQUE \u2013 R\u00e9seaux sociaux\u00a0<\/span><\/a><\/li>\n<li class=\"p2\"><a href=\"https:\/\/www.agrosmartglobal.eu\/fr\/marketing-int\/marketplace\/\"><span class=\"s1\">SERVICIO TECHNIQUE \u2013 Marketplace<\/span><\/a><\/li>\n<\/ul>\n<p>[\/vc_column_text]    <\/div><!-- .container -->\n[\/vc_column][\/vc_row][vc_row][vc_column]    <div class=\"container \">\n      [vc_column_text]<\/p>\n    <h2 class=\"section-title \">DOCUMENTATION<\/h2>\n\n<ul class=\"\">\n<li><a href=\"https:\/\/www.agrosmartglobal.eu\/wp-content\/uploads\/2016\/12\/AGROSMARTcoop-leafleft-FR.pdf\" target=\"_blank\" rel=\"noopener noreferrer\">AGROSMARTcoop \u2013 Diptyque Pr\u00e9sentation 2016<\/a><\/li>\n<li><a href=\"https:\/\/www.agrosmartglobal.eu\/wp-content\/uploads\/2019\/01\/AGROSMARTcoop_diptyque_resultats.pdf\" target=\"_blank\" rel=\"noopener noreferrer\">AGROSMARTcoop \u2013 Diptyque diffusion des r\u00e9sultats 2018<\/a><\/li>\n<li><a href=\"https:\/\/www.agrosmartglobal.eu\/wp-content\/uploads\/2016\/12\/1.3.2-good-practices-commerce-manual_eng.pdf\">Guide de bonnes pratiques en mati\u00e8re de commerce et de marketing intelligent (document pdf r\u00e9dig\u00e9 en anglais)<\/a><\/li>\n<li><a href=\"https:\/\/www.agrosmartglobal.eu\/fr\/banco-de-ideas\/\">Banque Transnational d\u2019Id\u00e9es<\/a><\/li>\n<li><a href=\"https:\/\/www.agrosmartglobal.eu\/fr\/manuel-de-bonnes-pratiques\/\">Bonnes Pratiques en Innovation Technologique<\/a><\/li>\n<\/ul>\n<p>Quatorze coop\u00e9ratives qui ont particip\u00e9 \u00e0 AGROSMARTcoop racontent comment elles s&rsquo;am\u00e9liorent gr\u00e2ce \u00e0 l&rsquo;innovation et \u00e0 l&rsquo;application de bonnes pratiques:<\/p>\n<ul>\n<li><a href=\"https:\/\/www.agrosmartglobal.eu\/fr\/galerie-video\/\">Galerie vid\u00e9o<\/a><\/li>\n<\/ul>\n<p>[\/vc_column_text]    <\/div><!-- .container -->\n[\/vc_column][\/vc_row][vc_row el_class=\u00a0\u00bbsection-proyecto-socios\u00a0\u00bb][vc_column][vc_column_text]<\/p>\n<div class=\"linea-divisoria\">\u00a0<\/div>\n<p>[\/vc_column_text][vc_column_text]<\/p>\n    <h2 class=\"section-title text-center\">PARTENAIRES<\/h2>\n\n<p>[\/vc_column_text]    <div class=\"container \">\n          <div class=\"cont-owl-socios\">\n      <div class=\"owl-socios\">\n            <div>\n                <a href=\"http:\/\/www.agaca.coop\/\">\n                \t<img class=\"img-responsive\" src=\"https:\/\/www.agrosmartglobal.eu\/wp-content\/uploads\/2016\/12\/agaca-2.jpg\" \/>\n                <\/a>\n            <\/div><!-- item -->\n    <div>\n                <a href=\"http:\/\/cicytex.juntaex.es\/es\/\">\n                \t<img class=\"img-responsive\" src=\"https:\/\/www.agrosmartglobal.eu\/wp-content\/uploads\/2016\/12\/cicytex.jpg\" \/>\n                <\/a>\n            <\/div><!-- item -->\n    <div>\n                <a href=\"http:\/\/www.agroalimentariasclm.coop\/\">\n                \t<img class=\"img-responsive\" src=\"https:\/\/www.agrosmartglobal.eu\/wp-content\/uploads\/2016\/12\/agro-alimentarias.jpg\" \/>\n                <\/a>\n            <\/div><!-- item -->\n    <div>\n                <a href=\"http:\/\/www.euskadi.coop\/\">\n                \t<img class=\"img-responsive\" src=\"https:\/\/www.agrosmartglobal.eu\/wp-content\/uploads\/2016\/12\/agro-alimentarias-euskadi.jpg\" \/>\n                <\/a>\n            <\/div><!-- item -->\n    <div>\n                <a href=\"http:\/\/www.arepoquality.eu\/\">\n                \t<img class=\"img-responsive\" src=\"https:\/\/www.agrosmartglobal.eu\/wp-content\/uploads\/2016\/12\/arepo.jpg\" \/>\n                <\/a>\n            <\/div><!-- item -->\n    <div>\n                <a href=\"http:\/\/www.coopdefranceaquitaine.com\/\">\n                \t<img class=\"img-responsive\" src=\"https:\/\/www.agrosmartglobal.eu\/wp-content\/uploads\/2016\/12\/coop.jpg\" \/>\n                <\/a>\n            <\/div><!-- item -->\n    <div>\n                <a href=\"http:\/\/www.utad.pt\/\">\n                \t<img class=\"img-responsive\" src=\"https:\/\/www.agrosmartglobal.eu\/wp-content\/uploads\/2016\/12\/utad.jpg\" \/>\n                <\/a>\n            <\/div><!-- item -->\n    <div>\n                \t<img class=\"img-responsive\" src=\"https:\/\/www.agrosmartglobal.eu\/wp-content\/uploads\/2016\/12\/uninorte.jpg\" \/>\n            <\/div><!-- item -->\n      <\/div><!-- .owl-rs -->\n\n      <div class=\"customNavigation\">\n\t      <div class=\"container\">\n\t          <div class=\"row\">\n\t              <div class=\"col-md-12\">\n\t                    <a class=\"btn prev\"><i class=\"fa fa-angle-left\"><\/i><\/a>\n\t                    <a class=\"btn next\"><i class=\"fa fa-angle-right\"><\/i><\/a>\n\t              <\/div>\n\t          <\/div>\n\t      <\/div>            \n\t  <\/div>\n  <\/div><!-- .cont-owl-rs -->\n\n    <\/div><!-- .container -->\n[vc_column_text]<\/p>\n    <a href=\"https:\/\/www.agrosmartglobal.eu\/fr\/socios-agrosmartcoop\/\" class=\"btn btn-primary\" >En savoir plus<\/a>\n\n<p>[\/vc_column_text][\/vc_column][\/vc_row]<\/p>\n","protected":false},"excerpt":{"rendered":"<p>[vc_row][vc_column][\/vc_column][\/vc_row][vc_row el_class=\u00a0\u00bbsection-gray\u00a0\u00bb][vc_column][\/vc_column][\/vc_row][vc_row][vc_column][\/vc_column][\/vc_row][vc_row el_class=\u00a0\u00bbsection-gray\u00a0\u00bb][vc_column][\/vc_column][\/vc_row][vc_row][vc_column][\/vc_column][\/vc_row][vc_row el_class=\u00a0\u00bbsection-gray\u00a0\u00bb][vc_column][\/vc_column][\/vc_row][vc_row][vc_column][\/vc_column][\/vc_row][vc_row el_class=\u00a0\u00bbsection-proyecto-socios\u00a0\u00bb][vc_column][vc_column_text] \u00a0 [\/vc_column_text][vc_column_text] [\/vc_column_text][vc_column_text] [\/vc_column_text][\/vc_column][\/vc_row]<\/p>\n","protected":false},"author":256,"featured_media":0,"parent":0,"menu_order":0,"comment_status":"closed","ping_status":"closed","template":"","meta":{"_bbp_topic_count":0,"_bbp_reply_count":0,"_bbp_total_topic_count":0,"_bbp_total_reply_count":0,"_bbp_voice_count":0,"_bbp_anonymous_reply_count":0,"_bbp_topic_count_hidden":0,"_bbp_reply_count_hidden":0,"_bbp_forum_subforum_count":0},"_links":{"self":[{"href":"https:\/\/www.agrosmartglobal.eu\/fr\/wp-json\/wp\/v2\/pages\/9976"}],"collection":[{"href":"https:\/\/www.agrosmartglobal.eu\/fr\/wp-json\/wp\/v2\/pages"}],"about":[{"href":"https:\/\/www.agrosmartglobal.eu\/fr\/wp-json\/wp\/v2\/types\/page"}],"author":[{"embeddable":true,"href":"https:\/\/www.agrosmartglobal.eu\/fr\/wp-json\/wp\/v2\/users\/256"}],"replies":[{"embeddable":true,"href":"https:\/\/www.agrosmartglobal.eu\/fr\/wp-json\/wp\/v2\/comments?post=9976"}],"version-history":[{"count":12,"href":"https:\/\/www.agrosmartglobal.eu\/fr\/wp-json\/wp\/v2\/pages\/9976\/revisions"}],"predecessor-version":[{"id":10823,"href":"https:\/\/www.agrosmartglobal.eu\/fr\/wp-json\/wp\/v2\/pages\/9976\/revisions\/10823"}],"wp:attachment":[{"href":"https:\/\/www.agrosmartglobal.eu\/fr\/wp-json\/wp\/v2\/media?parent=9976"}],"curies":[{"name":"wp","href":"https:\/\/api.w.org\/{rel}","templated":true}]}}