{"id":6641,"date":"2017-11-23T12:48:36","date_gmt":"2017-11-23T11:48:36","guid":{"rendered":"https:\/\/www.agrosmartglobal.eu\/auditoria-tecnologica\/"},"modified":"2018-01-24T13:33:34","modified_gmt":"2018-01-24T12:33:34","slug":"audit-technologique","status":"publish","type":"page","link":"https:\/\/www.agrosmartglobal.eu\/fr\/audit-technologique\/","title":{"rendered":"AUDIT TECHNOLOGIQUE"},"content":{"rendered":"<p><strong>Les audits technologiques visent \u00e0 \u00e9tudier la strat\u00e9gie technologique d&rsquo;une entit\u00e9 et, plus particuli\u00e8rement, les atouts technologiques d&rsquo;une organisation de mani\u00e8re comparative.<\/strong><\/p>\n<p><strong>L&rsquo;audit technologique doit:<\/strong><\/p>\n<ul>\n<li style=\"font-weight: 400;\"><span style=\"font-weight: 400;\">\u00c9valuer le potentiel technologique de la coop\u00e9rative ;<\/span><\/li>\n<li style=\"font-weight: 400;\"><span style=\"font-weight: 400;\">Donner la priorit\u00e9 aux besoins et orienter les investissements dans les atouts technologiques ;<\/span><\/li>\n<li style=\"font-weight: 400;\"><span style=\"font-weight: 400;\">Tirer parti des forces d\u00e9tect\u00e9es et corriger les faiblesses ;<\/span><\/li>\n<li style=\"font-weight: 400;\"><span style=\"font-weight: 400;\">D\u00e9finir les conditions \u00e0 remplir et la technologie requise pour \u00eatre comp\u00e9titif\u00a0;<\/span><\/li>\n<li style=\"font-weight: 400;\"><span style=\"font-weight: 400;\">Identifier le moment optimal d&rsquo;acquisition de la technologie ;<\/span><\/li>\n<li style=\"font-weight: 400;\"><span style=\"font-weight: 400;\">Fournir des informations sur la protection de la propri\u00e9t\u00e9 industrielle ;<\/span><\/li>\n<li style=\"font-weight: 400;\"><span style=\"font-weight: 400;\">Savoir si vous disposez des ressources et de l&rsquo;organisation appropri\u00e9es pour g\u00e9rer la technologie de l&rsquo;organisation.<\/span><\/li>\n<\/ul>\n<p><span style=\"font-weight: 400;\">\u00c0 cette fin, l&rsquo;audit technologique devrait aborder les questions suivantes:<\/span><\/p>\n<ul>\n<li style=\"font-weight: 400;\"><span style=\"font-weight: 400;\">D\u00e9veloppement d&rsquo;id\u00e9es \u00e0 but commercial conditionn\u00e9es par la technologie ;<\/span><\/li>\n<li style=\"font-weight: 400;\"><span style=\"font-weight: 400;\">D\u00e9veloppement de produits ;<\/span><\/li>\n<li style=\"font-weight: 400;\"><span style=\"font-weight: 400;\">Processus d&rsquo;innovation dans les syst\u00e8mes de production ;<\/span><\/li>\n<li style=\"font-weight: 400;\"><span style=\"font-weight: 400;\">Acquisition de la technologie ;<\/span><\/li>\n<li style=\"font-weight: 400;\"><span style=\"font-weight: 400;\">Leadership technologique ;<\/span><\/li>\n<li style=\"font-weight: 400;\"><span style=\"font-weight: 400;\">Ressources disponibles ;<\/span><\/li>\n<li style=\"font-weight: 400;\"><span style=\"font-weight: 400;\">Syst\u00e8mes et outils.<\/span><\/li>\n<\/ul>\n<p><span style=\"font-weight: 400;\">De mani\u00e8re transversale, en plus d&rsquo;aborder les probl\u00e8mes pr\u00e9sent\u00e9s, il convient d&rsquo;\u00e9valuer si les processus de gestion technologique sont ad\u00e9quats.<\/span><\/p>\n","protected":false},"excerpt":{"rendered":"<p>Les audits technologiques visent \u00e0 \u00e9tudier la strat\u00e9gie technologique d&rsquo;une entit\u00e9 et, plus particuli\u00e8rement, les atouts technologiques d&rsquo;une organisation de mani\u00e8re comparative. L&rsquo;audit technologique doit: \u00c9valuer le potentiel technologique de la coop\u00e9rative ; Donner la priorit\u00e9 aux besoins et orienter les investissements dans les atouts technologiques ; Tirer parti des forces d\u00e9tect\u00e9es et corriger les [&hellip;]<\/p>\n","protected":false},"author":4,"featured_media":0,"parent":0,"menu_order":0,"comment_status":"closed","ping_status":"closed","template":"template-auditoria.php","meta":{"_bbp_topic_count":0,"_bbp_reply_count":0,"_bbp_total_topic_count":0,"_bbp_total_reply_count":0,"_bbp_voice_count":0,"_bbp_anonymous_reply_count":0,"_bbp_topic_count_hidden":0,"_bbp_reply_count_hidden":0,"_bbp_forum_subforum_count":0},"_links":{"self":[{"href":"https:\/\/www.agrosmartglobal.eu\/fr\/wp-json\/wp\/v2\/pages\/6641"}],"collection":[{"href":"https:\/\/www.agrosmartglobal.eu\/fr\/wp-json\/wp\/v2\/pages"}],"about":[{"href":"https:\/\/www.agrosmartglobal.eu\/fr\/wp-json\/wp\/v2\/types\/page"}],"author":[{"embeddable":true,"href":"https:\/\/www.agrosmartglobal.eu\/fr\/wp-json\/wp\/v2\/users\/4"}],"replies":[{"embeddable":true,"href":"https:\/\/www.agrosmartglobal.eu\/fr\/wp-json\/wp\/v2\/comments?post=6641"}],"version-history":[{"count":5,"href":"https:\/\/www.agrosmartglobal.eu\/fr\/wp-json\/wp\/v2\/pages\/6641\/revisions"}],"predecessor-version":[{"id":7513,"href":"https:\/\/www.agrosmartglobal.eu\/fr\/wp-json\/wp\/v2\/pages\/6641\/revisions\/7513"}],"wp:attachment":[{"href":"https:\/\/www.agrosmartglobal.eu\/fr\/wp-json\/wp\/v2\/media?parent=6641"}],"curies":[{"name":"wp","href":"https:\/\/api.w.org\/{rel}","templated":true}]}}