{"id":3575,"date":"2017-05-29T15:02:42","date_gmt":"2017-05-29T13:02:42","guid":{"rendered":"https:\/\/www.agrosmartglobal.eu\/?page_id=3575"},"modified":"2020-11-09T18:20:59","modified_gmt":"2020-11-09T17:20:59","slug":"manuel-de-bonnes-pratiques","status":"publish","type":"page","link":"https:\/\/www.agrosmartglobal.eu\/fr\/manuel-de-bonnes-pratiques\/","title":{"rendered":"Bonnes Pratiques en Innovation Technologique"},"content":{"rendered":"<p>[vc_row][vc_column]    <div class=\"container \">\n          <div class=\"section \">\n      [vc_row_inner][vc_column_inner width=\u00a0\u00bb1\/6&Prime;][vc_column_text]<img loading=\"lazy\" class=\"size-full wp-image-1353 aligncenter\" src=\"https:\/\/www.agrosmartglobal.eu\/wp-content\/uploads\/2017\/05\/SUDOELacteos@3x.png\" alt=\"\" width=\"100\" height=\"100\" srcset=\"https:\/\/www.agrosmartglobal.eu\/wp-content\/uploads\/2017\/05\/SUDOELacteos@3x.png 256w, https:\/\/www.agrosmartglobal.eu\/wp-content\/uploads\/2017\/05\/SUDOELacteos@3x-150x150.png 150w\" sizes=\"(max-width: 100px) 100vw, 100px\" \/><\/p>\n<h2 style=\"text-align: center;\"><a title=\"Lait\" href=\"#lait\">Lait<\/a><\/h2>\n<p>[\/vc_column_text][\/vc_column_inner][vc_column_inner width=\u00a0\u00bb1\/6&Prime;][vc_column_text]<img loading=\"lazy\" class=\"size-full wp-image-1353 aligncenter\" src=\"https:\/\/www.agrosmartglobal.eu\/wp-content\/uploads\/2017\/05\/SUDOEcarnica@3x.png\" alt=\"\" width=\"100\" height=\"100\" \/><\/p>\n<h2 style=\"text-align: center;\"><a title=\"Viandes\" href=\"#viandes\">Viandes<\/a><\/h2>\n<p>[\/vc_column_text][\/vc_column_inner][vc_column_inner width=\u00a0\u00bb1\/6&Prime;][vc_column_text]<img loading=\"lazy\" class=\"size-full wp-image-1353 aligncenter\" src=\"https:\/\/www.agrosmartglobal.eu\/wp-content\/uploads\/2017\/05\/SUDOEVegetales@3x.png\" alt=\"\" width=\"100\" height=\"100\" \/><\/p>\n<h2 style=\"text-align: center;\"><a title=\"Fruit\" href=\"#fruit\">Fruit<\/a><\/h2>\n<p>[\/vc_column_text][\/vc_column_inner][vc_column_inner width=\u00a0\u00bb1\/6&Prime;][vc_column_text]<img loading=\"lazy\" class=\"size-full wp-image-1353 aligncenter\" src=\"https:\/\/www.agrosmartglobal.eu\/wp-content\/uploads\/2017\/05\/SUDOEAceites@3x.png\" alt=\"\" width=\"100\" height=\"100\" \/><\/p>\n<h2 style=\"text-align: center;\"><a title=\"Huile\" href=\"#huile\">Huile<\/a><\/h2>\n<p>[\/vc_column_text][\/vc_column_inner][vc_column_inner width=\u00a0\u00bb1\/6&Prime;][vc_column_text]<img loading=\"lazy\" class=\"size-full wp-image-1353 aligncenter\" src=\"https:\/\/www.agrosmartglobal.eu\/wp-content\/uploads\/2017\/05\/SUDOEEnologia@3x.png\" alt=\"\" width=\"100\" height=\"100\" \/><\/p>\n<h2 style=\"text-align: center;\"><a title=\"Oenologie\" href=\"#oenologie\">Oenologie<\/a><\/h2>\n<p>[\/vc_column_text][\/vc_column_inner][vc_column_inner width=\u00a0\u00bb1\/6&Prime;][\/vc_column_inner][\/vc_row_inner]    <\/div><!-- .section -->\n[vc_row_inner][vc_column_inner][vc_column_text]<a name=\"lait\"><\/a><\/p>\n<h2><img loading=\"lazy\" class=\"alignnone size-full wp-image-1353\" src=\"https:\/\/www.agrosmartglobal.eu\/wp-content\/uploads\/2017\/05\/SUDOELacteos@3x.png\" alt=\"\" width=\"46\" height=\"46\" srcset=\"https:\/\/www.agrosmartglobal.eu\/wp-content\/uploads\/2017\/05\/SUDOELacteos@3x.png 256w, https:\/\/www.agrosmartglobal.eu\/wp-content\/uploads\/2017\/05\/SUDOELacteos@3x-150x150.png 150w\" sizes=\"(max-width: 46px) 100vw, 46px\" \/>\u00a0Lait<\/h2>\n<ul>\n<li><a href=\"https:\/\/www.agrosmartglobal.eu\/fr\/2017\/05\/29\/1-1-determination-de-la-qualite-du-lait-dans-lindustrie-typologie-1\/\">1.1. D\u00c9TERMINATION DE LA QUALIT\u00c9 DU LAIT DANS L\u2019INDUSTRIE<\/a><\/li>\n<li><a href=\"https:\/\/www.agrosmartglobal.eu\/fr\/2017\/05\/29\/1-2-controle-microbiologique-du-lait-dans-lindustrie-techniques-de-microbiologie-rapide-typologie-1\/\">1.2. CONTR\u00d4LE MICROBIOLOGIQUE DU LAIT DANS L\u2019INDUSTRIE TECHNIQUES DE MICROBIOLOGIE RAPIDE<\/a><\/li>\n<li><a href=\"https:\/\/www.agrosmartglobal.eu\/fr\/2017\/05\/29\/1-3-nettoyage-de-surfaces-avec-de-la-mousse-et-rincage-avec-de-leau-a-haute-pression-typologie-1\/\">1.3. NETTOYAGE DE SURFACES AVEC DE LA MOUSSE ET RIN\u00c7AGE AVEC DE L\u2019EAU \u00c0 HAUTE PRESSION<\/a><\/li>\n<li><a href=\"https:\/\/www.agrosmartglobal.eu\/fr\/2017\/05\/29\/1-4-ozonation-des-chambres-de-vieillissement-des-fromages-typologie-1\/\">1.4. OZONATION DES CHAMBRES DE VIEILLISSEMENT DES FROMAGES<\/a><\/li>\n<li><a href=\"https:\/\/www.agrosmartglobal.eu\/fr\/2017\/05\/29\/1-5-controle-physico-chimique-et-microbiologique-de-saumures-typologie-1\/\">1.5. CONTR\u00d4LE PHYSICO-CHIMIQUE ET MICROBIOLOGIQUE DE SAUMURES<\/a><\/li>\n<li><a href=\"https:\/\/www.agrosmartglobal.eu\/fr\/2017\/05\/29\/1-6nouveaux-formats-de-fromage-typologie-2\/\">1.6 NOUVEAUX FORMATS DE FROMAGE<\/a><\/li>\n<li><a href=\"https:\/\/www.agrosmartglobal.eu\/fr\/2017\/05\/29\/1-7-regeneration-de-saumures-via-purification-en-continu-filtration-a-flux-tangentiel-typologie-3\/\">1.7. R\u00c9G\u00c9NERATION DE SAUMURES VIA PURIFICATION EN CONTINU (FILTRATION \u00c0 FLUX TANGENTIEL)<\/a><\/li>\n<li><a href=\"https:\/\/www.agrosmartglobal.eu\/fr\/2017\/05\/29\/1-8-filtration-du-lactoserum-typologie-3\/\">1.8. FILTRATION DU LACTOS\u00c9RUM<\/a><\/li>\n<li><a href=\"https:\/\/www.agrosmartglobal.eu\/fr\/2017\/05\/29\/1-9-valorisation-du-lactoserum-typologie-3\/\">1.9. VALORISATION DU LACTOS\u00c9RUM<\/a><\/li>\n<li><a href=\"https:\/\/www.agrosmartglobal.eu\/fr\/2017\/05\/29\/1-10-etiquetage-gs1-128-petite-entreprise-et-etiquettes-rfid-entreprise-moyenne-typologie-4-5\/\">1.10 \u00c9TIQUETAGE GS1-128 (PETITE ENTREPRISE) ET \u00c9TIQUETTES RFID (ENTREPRISE MOYENNE)<\/a><\/li>\n<li><a href=\"https:\/\/www.agrosmartglobal.eu\/fr\/2017\/05\/29\/1-11-elaboration-dune-etude-sur-la-duree-de-vie-typologie-5\/\">1.11. \u00c9LABORATION D\u2019UNE \u00c9TUDE SUR LA DUR\u00c9E DE VIE<\/a><\/li>\n<li><a href=\"https:\/\/www.agrosmartglobal.eu\/fr\/2017\/05\/29\/1-12-conditionnement-sous-atmosphere-protectrice-et-emballage-actif-typologie-5\/\">1.12. CONDITIONNEMENT SOUS ATMOSPH\u00c8RE PROTECTRICE ET EMBALLAGE ACTIF<\/a><\/li>\n<li><a href=\"https:\/\/www.agrosmartglobal.eu\/fr\/2017\/05\/29\/1-13-controle-du-lait-par-les-exploitants-du-secteur-laitier-pour-son-transport-r-d-17282007-et-r-d-7522011-typologie-1\/\">1.13. CONTR\u00d4LE DU LAIT PAR LES EXPLOITANTS DU SECTEUR LAITIER POUR SON TRANSPORT (R.D. 1728\/2007 ET R.D. 752\/2011)<\/a><\/li>\n<\/ul>\n<p>[\/vc_column_text][vc_column_text]<a name=\"viandes\"><\/a><\/p>\n<h2><img loading=\"lazy\" class=\"alignnone size-full wp-image-1337\" src=\"https:\/\/www.agrosmartglobal.eu\/wp-content\/uploads\/2017\/05\/SUDOEcarnica@3x.png\" alt=\"\" width=\"46\" height=\"46\" srcset=\"https:\/\/www.agrosmartglobal.eu\/wp-content\/uploads\/2017\/05\/SUDOEcarnica@3x.png 256w, https:\/\/www.agrosmartglobal.eu\/wp-content\/uploads\/2017\/05\/SUDOEcarnica@3x-150x150.png 150w\" sizes=\"(max-width: 46px) 100vw, 46px\" \/>\u00a0Viandes<\/h2>\n<ul>\n<li><a href=\"https:\/\/www.agrosmartglobal.eu\/fr\/2017\/05\/29\/2-1-methodes-rapides-pour-le-controle-microbiologique-des-industries-alimentaires-typologie-1\/\">2.1. M\u00c9THODES RAPIDES POUR LE CONTR\u00d4LE MICROBIOLOGIQUE DES INDUSTRIES ALIMENTAIRES<\/a><\/li>\n<li><a href=\"https:\/\/www.agrosmartglobal.eu\/fr\/2017\/05\/29\/2-2-application-de-technologies-rapides-spir-sur-le-controle-de-qualite-et-la-categorisation-de-viande-et-produits-carnes-typologie-1\/\">2.2. APPLICATION DE TECHNOLOGIES RAPIDES (SPIR) SUR LE CONTR\u00d4LE DE QUALIT\u00c9 ET LA CAT\u00c9GORISATION DE VIANDE ET PRODUITS CARN\u00c9S<\/a><\/li>\n<li><a href=\"https:\/\/www.agrosmartglobal.eu\/fr\/2017\/05\/29\/2-3-application-de-nouvelles-technologies-de-traitement-via-la-haute-pression-hydrostatique-pour-prolonger-la-duree-de-vie-etou-obtenir-de-nouveaux-produits-carnes-typologie-1-2\/\">2.3. APPLICATION DE NOUVELLES TECHNOLOGIES DE TRAITEMENT VIA LA HAUTE PRESSION HYDROSTATIQUE POUR PROLONGER LA DUR\u00c9E DE VIE ET\/OU OBTENIR DE NOUVEAUX PRODUITS CARN\u00c9S<\/a><\/li>\n<li><a href=\"https:\/\/www.agrosmartglobal.eu\/fr\/2017\/05\/29\/2-4-nouveaux-formats-adaptes-aux-habitudes-de-consommation-typologie-2\/\">2.4. NOUVEAUX FORMATS ADAPT\u00c9S AUX HABITUDES DE CONSOMMATION<\/a><\/li>\n<li><a href=\"https:\/\/www.agrosmartglobal.eu\/fr\/2017\/05\/29\/2-5-developpement-de-viande-et-produits-carnes-sains-typologie-2\/\">2.5. D\u00c9VELOPPEMENT DE VIANDE ET PRODUITS CARN\u00c9S SAINS<\/a><\/li>\n<li><a href=\"https:\/\/www.agrosmartglobal.eu\/fr\/2017\/05\/29\/2-6-bonnes-pratiques-de-manipulations-ante-mortem-lors-du-transport-de-betail-de-la-ferme-a-labattoir-typologie-3\/\">2.6. BONNES PRATIQUES DE MANIPULATIONS ANTE-MORTEM LORS DU TRANSPORT DE B\u00c9TAIL DE LA FERME \u00c0 L\u2019ABATTOIR<\/a><\/li>\n<li><a href=\"https:\/\/www.agrosmartglobal.eu\/fr\/2017\/05\/29\/2-7-reconduire-les-systemes-de-production-animale-vers-des-systemes-de-production-ecologiques-pour-apporter-de-la-valeur-ajoutee-a-la-viande-et-aux-produits-carnes-ainsi-quaux-autres-produi\/\">2.7. RECONDUIRE LES SYST\u00c8MES DE PRODUCTION ANIMALE VERS DES SYST\u00c8MES DE PRODUCTION \u00c9COLOGIQUES, POUR APPORTER DE LA VALEUR AJOUT\u00c9E \u00c0 LA VIANDE ET AUX PRODUITS CARN\u00c9S AINSI QU\u2019AUX AUTRES PRODUITS D\u2019ORIGINE ANIMALE<\/a><\/li>\n<li><a href=\"https:\/\/www.agrosmartglobal.eu\/fr\/2017\/05\/29\/2-8-nouvelles-technologies-de-linformation-et-de-la-communication-pour-ameliorer-la-tracabilite-au-sein-des-entreprises-de-la-filiere-viande-typologie-4\/\">2.8. NOUVELLES TECHNOLOGIES DE L\u2019INFORMATION ET DE LA COMMUNICATION POUR AM\u00c9LIORER LA TRA\u00c7ABILIT\u00c9 AU SEIN DES ENTREPRISES DE LA FILI\u00c8RE VIANDE<\/a><\/li>\n<li><a href=\"https:\/\/www.agrosmartglobal.eu\/fr\/2017\/05\/29\/2-9-incorporation-dantioxydants-dorigine-vegetale-dans-le-but-daugmenter-la-duree-de-vie-des-produits-transformes-a-base-de-viande-typologie-5\/\">2.9. INCORPORATION D\u2019ANTIOXYDANTS D\u2019ORIGINE V\u00c9G\u00c9TALE DANS LE BUT D\u2019AUGMENTER LA DUR\u00c9E DE VIE DES PRODUITS TRANSFORM\u00c9S \u00c0 BASE DE VIANDE<\/a><\/li>\n<li><a href=\"https:\/\/www.agrosmartglobal.eu\/fr\/2017\/05\/29\/2-10-emballages-actifs-etou-intelligents-interessants-pour-la-filiere-viande-typologie-5\/\">2.10. EMBALLAGES ACTIFS ET\/OU INTELLIGENTS INT\u00c9RESSANTS POUR LA FILI\u00c8RE VIANDE<\/a><\/li>\n<li><a href=\"https:\/\/www.agrosmartglobal.eu\/fr\/2017\/05\/29\/2-11-conditionnement-sous-atmosphere-modifiee-au-sein-de-la-filiere-viande-typologie-5\/\">2.11. CONDITIONNEMENT SOUS ATMOSPH\u00c8RE MODIFI\u00c9E AU SEIN DE LA FILI\u00c8RE VIANDE<\/a><\/li>\n<li><a href=\"https:\/\/www.agrosmartglobal.eu\/fr\/2017\/05\/29\/2-12-methode-de-conservation-a-froid-de-viandes-et-produits-carnes-typologie-1\/\">2.12. M\u00c9THODE DE CONSERVATION \u00c0 FROID DE VIANDES ET PRODUITS CARN\u00c9S<\/a><\/li>\n<\/ul>\n<p>[\/vc_column_text][vc_column_text]<a name=\"fruit\"><\/a><\/p>\n<h2><img loading=\"lazy\" class=\"alignnone size-full wp-image-1367\" src=\"https:\/\/www.agrosmartglobal.eu\/wp-content\/uploads\/2017\/05\/SUDOEVegetales@3x.png\" alt=\"\" width=\"46\" height=\"46\" srcset=\"https:\/\/www.agrosmartglobal.eu\/wp-content\/uploads\/2017\/05\/SUDOEVegetales@3x.png 256w, https:\/\/www.agrosmartglobal.eu\/wp-content\/uploads\/2017\/05\/SUDOEVegetales@3x-150x150.png 150w\" sizes=\"(max-width: 46px) 100vw, 46px\" \/>\u00a0Fruit<\/h2>\n<ul>\n<li><a href=\"https:\/\/www.agrosmartglobal.eu\/fr\/2017\/05\/29\/3-1-adequation-des-conditions-climatiques-au-sein-des-centres-de-production-hortofruticoles-typologie-1\/\">3.1. AD\u00c9QUATION DES CONDITIONS CLIMATIQUES AU SEIN DES CENTRES DE PRODUCTION HORTOFRUTICOLES<\/a><\/li>\n<li><a href=\"https:\/\/www.agrosmartglobal.eu\/fr\/2017\/05\/29\/3-2-systemes-de-pre-refroidissement-pour-lamelioration-de-la-qualite-des-fruits-et-legumes-typologie-1\/\">3.2. SYST\u00c8MES DE PR\u00c9-REFROIDISSEMENT POUR L\u2019AM\u00c9LIORATION DE LA QUALIT\u00c9 DES FRUITS ET L\u00c9GUMES<\/a><\/li>\n<li><a href=\"https:\/\/www.agrosmartglobal.eu\/fr\/2017\/05\/29\/3-3-utilisation-dabsorbants-et-de-liberateurs-dethylene-et-du-1-methylcyclopropene-1-mcp-pour-conserver-la-qualite-des-fruits-et-legumes-pendant-leur-stockage-typologie-1\/\">3.3. UTILISATION D\u2019ABSORBANTS ET DE LIB\u00c9RATEURS D\u2019\u00c9THYL\u00c8NE ET DU 1-M\u00c9THYLCYCLOPROP\u00c8NE (1-MCP) POUR CONSERVER LA QUALIT\u00c9 DES FRUITS ET L\u00c9GUMES PENDANT LEUR STOCKAGE<\/a><\/li>\n<li><a href=\"https:\/\/www.agrosmartglobal.eu\/fr\/2017\/05\/29\/3-4-importance-du-stade-optimal-de-recolte-pour-la-qualite-du-fruit-typologie-1\/\">3.4. IMPORTANCE DU STADE OPTIMAL DE R\u00c9COLTE POUR LA QUALIT\u00c9 DU FRUIT<\/a><\/li>\n<li><a href=\"https:\/\/www.agrosmartglobal.eu\/fr\/2017\/05\/29\/3-5-application-de-technologies-rapides-spir-sur-le-controle-de-qualite-et-la-categorisation-de-produits-dorigine-vegetale-typologie-1\/\">3.5. APPLICATION DE TECHNOLOGIES RAPIDES (SPIR) SUR LE CONTR\u00d4LE DE QUALIT\u00c9 ET LA CAT\u00c9GORISATION DE PRODUITS D\u2019ORIGINE V\u00c9G\u00c9TALE<\/a><\/li>\n<li><a href=\"https:\/\/www.agrosmartglobal.eu\/fr\/2017\/05\/29\/3-6-equipement-de-triage-en-ligne-des-fruits-et-legumes-typologie-1\/\">3.6. \u00c9QUIPEMENT DE TRIAGE EN LIGNE DES FRUITS ET L\u00c9GUMES<\/a><\/li>\n<li><a href=\"https:\/\/www.agrosmartglobal.eu\/fr\/2017\/05\/29\/3-7-transformation-minimale-ou-iveme-gamme-de-fruits-et-legumes-typologie-1-et-2\/\">3.7. TRANSFORMATION MINIMALE OU IV\u00e8me GAMME DE FRUITS ET L\u00c9GUMES<\/a><\/li>\n<li><a href=\"https:\/\/www.agrosmartglobal.eu\/fr\/2017\/05\/29\/3-8-application-de-nouvelles-technologies-de-traitement-via-la-haute-pression-hydrostatique-pour-prolonger-la-duree-de-vie-de-produits-dorigine-vegetale-tout-en-conservant-leur-qualite-nutri\/\">3.8. APPLICATION DE NOUVELLES TECHNOLOGIES DE TRAITEMENT VIA LA HAUTE PRESSION HYDROSTATIQUE POUR PROLONGER LA DUR\u00c9E DE VIE DE PRODUITS D\u2019ORIGINE V\u00c9G\u00c9TALE TOUT EN CONSERVANT LEUR QUALIT\u00c9 NUTRITIVE ET SENSORIELLE<\/a><\/li>\n<li><a href=\"https:\/\/www.agrosmartglobal.eu\/fr\/2017\/05\/29\/3-9-diminution-de-la-teneur-en-sucre-des-produits-elabores-avec-des-fruits-et-legumes-typologie-2\/\">3.9. DIMINUTION DE LA TENEUR EN SUCRE DES PRODUITS \u00c9LABOR\u00c9S AVEC DES FRUITS ET L\u00c9GUMES<\/a><\/li>\n<li><a href=\"https:\/\/www.agrosmartglobal.eu\/fr\/2017\/05\/29\/3-10-methodes-prophylactiques-avant-et-apres-recolte-pour-prevenir-les-maladies-des-fruits-et-legumes-typologie-1-et-3\/\">3.10. M\u00c9THODES PROPHYLACTIQUES AVANT ET APR\u00c8S R\u00c9COLTE POUR PR\u00c9VENIR LES MALADIES DES FRUITS ET L\u00c9GUMES<\/a><\/li>\n<li><a href=\"https:\/\/www.agrosmartglobal.eu\/fr\/2017\/05\/29\/3-11-manipulation-et-mise-en-valeur-des-dechets-et-sous-produits-issus-de-fruits-et-legumes-typologie-3\/\">3.11. MANIPULATION ET MISE EN VALEUR DES D\u00c9CHETS ET SOUS-PRODUITS ISSUS DE FRUITS ET L\u00c9GUMES<\/a><\/li>\n<li><a href=\"https:\/\/www.agrosmartglobal.eu\/fr\/2017\/05\/29\/3-12-utilisation-intelligente-de-lemballage-des-fruits-et-legumes-typologie-4\/\">3.12. UTILISATION INTELLIGENTE DE L\u2019EMBALLAGE DES FRUITS ET L\u00c9GUMES<\/a><\/li>\n<li><a href=\"https:\/\/www.agrosmartglobal.eu\/fr\/2017\/05\/29\/3-13-utilisation-de-produits-dhygiene-et-de-desinfectants-pour-ameliorer-la-securite-alimentaire-des-fruits-et-legumes-typologie-3-et-5\/\">3.13. UTILISATION DE PRODUITS D\u2019HYGI\u00c8NE ET DE D\u00c9SINFECTANTS POUR AM\u00c9LIORER LA S\u00c9CURIT\u00c9 ALIMENTAIRE DES FRUITS ET L\u00c9GUMES<\/a><\/li>\n<li><a href=\"https:\/\/www.agrosmartglobal.eu\/fr\/2017\/05\/29\/3-14-utilisation-du-conditionnement-sous-atmospheres-gazeuses-modifiees-et-controlees-pour-augmenter-la-duree-de-vie-des-fruits-et-legumes-typologie-1-et-5\/\">3.14. UTILISATION DU CONDITIONNEMENT SOUS ATMOSPH\u00c8RES GAZEUSES (MODIFI\u00c9ES ET CONTR\u00d4L\u00c9ES) POUR AUGMENTER LA DUR\u00c9E DE VIE DES FRUITS ET L\u00c9GUMES<\/a><\/li>\n<\/ul>\n<p>[\/vc_column_text][vc_column_text]<a name=\"huile\"><\/a><\/p>\n<h2><img loading=\"lazy\" class=\"alignnone size-full wp-image-1329\" src=\"https:\/\/www.agrosmartglobal.eu\/wp-content\/uploads\/2017\/05\/SUDOEAceites@3x.png\" alt=\"\" width=\"46\" height=\"46\" srcset=\"https:\/\/www.agrosmartglobal.eu\/wp-content\/uploads\/2017\/05\/SUDOEAceites@3x.png 256w, https:\/\/www.agrosmartglobal.eu\/wp-content\/uploads\/2017\/05\/SUDOEAceites@3x-150x150.png 150w\" sizes=\"(max-width: 46px) 100vw, 46px\" \/>\u00a0Huile<\/h2>\n<ul>\n<li><a href=\"https:\/\/www.agrosmartglobal.eu\/fr\/2017\/05\/29\/4-1-determination-du-stade-optimal-de-recolte-de-lolive-typologie-1\/\">4.1. D\u00c9TERMINATION DU STADE OPTIMAL DE R\u00c9COLTE DE L\u2019OLIVE<\/a><\/li>\n<li><a href=\"https:\/\/www.agrosmartglobal.eu\/fr\/2017\/05\/29\/4-2-classification-et-separation-par-lots-des-cargaisons-dolives-qui-entrent-a-lhuilerie-prealablement-a-lelaboration-de-lhuile-etablissement-de-qualites-en-fonc\/\">4.2. CLASSIFICATION ET S\u00c9PARATION PAR LOTS DES CARGAISONS D\u2019OLIVES QUI ENTRENT \u00c0 L\u2019HUILERIE, PR\u00c9ALABLEMENT \u00c0 L\u2019\u00c9LABORATION DE L\u2019HUILE. \u00c9TABLISSEMENT DE QUALIT\u00c9S EN FONCTION DE L\u2019\u00c9TAT SANITAIRE, DU NIVEAU DE MATURIT\u00c9, DE LA VARI\u00c9T\u00c9 OU DE L\u2019ORIGINE (SOL\/ARBRE)<\/a><\/li>\n<li><a href=\"https:\/\/www.agrosmartglobal.eu\/fr\/2017\/05\/29\/4-3-systeme-de-controle-de-temperature-de-la-pate-dhuile-dans-le-malaxeur-typologie-1\/\">4.3. SYST\u00c8ME DE CONTR\u00d4LE DE TEMP\u00c9RATURE DE LA P\u00c2TE D\u2019HUILE DANS LE MALAXEUR<\/a><\/li>\n<li><a href=\"https:\/\/www.agrosmartglobal.eu\/fr\/2017\/05\/29\/4-4-systeme-de-controle-de-la-quantite-dhuile-elaboree-typologie-1\/\">4.4. SYST\u00c8ME DE CONTR\u00d4LE DE LA QUANTIT\u00c9 D\u2019HUILE \u00c9LABOR\u00c9E<\/a><\/li>\n<li><a href=\"https:\/\/www.agrosmartglobal.eu\/fr\/2017\/05\/29\/4-5-etablissement-des-variables-du-processus-delaboration-de-lhuile-pour-lobtention-dhov-de-qualite-typologie-1\/\">4.5. \u00c9TABLISSEMENT DES VARIABLES DU PROCESSUS D\u2019\u00c9LABORATION DE L\u2019HUILE POUR L\u2019OBTENTION D\u2019HOV DE QUALIT\u00c9<\/a><\/li>\n<li><a href=\"https:\/\/www.agrosmartglobal.eu\/fr\/2017\/05\/29\/4-6-systeme-de-mesure-du-rendement-industriel-reel-au-moyen-dun-comparatif-entre-la-matiere-premiere-amenee-a-lhuilerie-et-lhuile-obtenue-et-stockee-dans-des-cuves-avec-l\/\">4.6. SYST\u00c8ME DE MESURE DU RENDEMENT INDUSTRIEL R\u00c9EL, AU MOYEN D\u2019UN COMPARATIF ENTRE LA MATI\u00c8RE PREMI\u00c8RE AMEN\u00c9E \u00c0 L\u2019HUILERIE ET L\u2019HUILE OBTENUE ET STOCK\u00c9E DANS DES CUVES, AVEC L\u2019\u00c9PUISEMENT DE SOUS-PRODUITS<\/a><\/li>\n<li><a href=\"https:\/\/www.agrosmartglobal.eu\/fr\/2017\/05\/29\/4-7-application-de-technologies-rapides-spir-sur-le-controle-de-qualite-et-la-categorisation-de-produits-dorigine-vegetale-typologie-1\/\">4.7. APPLICATION DE TECHNOLOGIES RAPIDES (SPIR) SUR LE CONTR\u00d4LE DE QUALIT\u00c9 ET LA CAT\u00c9GORISATION DE PRODUITS D\u2019ORIGINE V\u00c9G\u00c9TALE<\/a><\/li>\n<li><a href=\"https:\/\/www.agrosmartglobal.eu\/fr\/2017\/05\/29\/4-8-formation-et-entrainement-des-experts-degustateurs-dhuile-dolive-vierge-pour-classifier-lhuile-obtenue-lors-de-la-production-typologie-1\/\">4.8. FORMATION ET ENTRA\u00ceNEMENT DES EXPERTS-D\u00c9GUSTATEURS D\u2019HUILE D\u2019OLIVE VIERGE POUR CLASSIFIER L\u2019HUILE OBTENUE LORS DE LA PRODUCTION<\/a><\/li>\n<li><a href=\"https:\/\/www.agrosmartglobal.eu\/fr\/2017\/05\/29\/4-9-caracterisation-de-lhuile-dolive-vierge-typologie-1\/\">4.9. CARACT\u00c9RISATION DE L\u2019HUILE D\u2019OLIVE VIERGE<\/a><\/li>\n<li><a href=\"https:\/\/www.agrosmartglobal.eu\/fr\/2017\/05\/29\/4-10-conservation-de-lhuile-dolive-vierge-dans-le-cellier-typologie-1\/\">4.10. CONSERVATION DE L\u2019HUILE D\u2019OLIVE VIERGE DANS LE CELLIER<\/a><\/li>\n<li><a href=\"https:\/\/www.agrosmartglobal.eu\/fr\/2017\/05\/29\/4-11-procedures-de-conditionnement-de-lhuile-dolive-vierge-assurant-la-conservation-du-produit-pendant-toute-sa-duree-de-vie-typologie-2\/\">4.11. PROC\u00c9DURES DE CONDITIONNEMENT DE L\u2019HUILE D\u2019OLIVE VIERGE ASSURANT LA CONSERVATION DU PRODUIT PENDANT TOUTE SA DUR\u00c9E DE VIE<\/a><\/li>\n<li><a href=\"https:\/\/www.agrosmartglobal.eu\/fr\/2017\/05\/29\/4-12-systemes-de-tracabilite-dans-les-industries-oleicoles-typologie-4\/\">4.12. SYST\u00c8MES DE TRA\u00c7ABILIT\u00c9 DANS LES INDUSTRIES OL\u00c9ICOLES<\/a><\/li>\n<li><a href=\"https:\/\/www.agrosmartglobal.eu\/fr\/2017\/05\/29\/4-13-etiquette-intelligente-dhuile-dolive-vierge-typologie-5\/\">4.13. \u00c9TIQUETTE INTELLIGENTE D\u2019HUILE D\u2019OLIVE VIERGE<\/a><\/li>\n<\/ul>\n<p>[\/vc_column_text][vc_column_text]<a name=\"oenologie\"><\/a><\/p>\n<h2><img loading=\"lazy\" class=\"alignnone size-full wp-image-1345\" src=\"https:\/\/www.agrosmartglobal.eu\/wp-content\/uploads\/2017\/05\/SUDOEEnologia@3x.png\" alt=\"\" width=\"46\" height=\"46\" srcset=\"https:\/\/www.agrosmartglobal.eu\/wp-content\/uploads\/2017\/05\/SUDOEEnologia@3x.png 256w, https:\/\/www.agrosmartglobal.eu\/wp-content\/uploads\/2017\/05\/SUDOEEnologia@3x-150x150.png 150w\" sizes=\"(max-width: 46px) 100vw, 46px\" \/>\u00a0Oenologie<\/h2>\n<ul>\n<li><a href=\"https:\/\/www.agrosmartglobal.eu\/fr\/2017\/05\/29\/5-1-suivi-du-processus-de-maturation-du-raisin-typologie-1\/\">5.1. SUIVI DU PROCESSUS DE MATURATION DU RAISIN<\/a><\/li>\n<li><a href=\"https:\/\/www.agrosmartglobal.eu\/fr\/2017\/05\/29\/5-2-classification-et-determination-de-la-qualite-du-raisin-dans-le-chai-en-fonction-de-sa-destination-typologie-1\/\">5.2. CLASSIFICATION ET D\u00c9TERMINATION DE LA QUALIT\u00c9 DU RAISIN DANS LE CHAI EN FONCTION DE SA DESTINATION<\/a><\/li>\n<li><a href=\"https:\/\/www.agrosmartglobal.eu\/fr\/2017\/05\/29\/5-3-transport-adequat-de-la-vendange-typologie-1\/\">5.3. TRANSPORT AD\u00c9QUAT DE LA VENDANGE<\/a><\/li>\n<li><a href=\"https:\/\/www.agrosmartglobal.eu\/fr\/2017\/05\/29\/5-4-controle-thermique-des-procedes-oenologiques-typologie-1\/\">5.4. CONTR\u00d4LE THERMIQUE DES PROC\u00c9D\u00c9S \u0152NOLOGIQUES<\/a><\/li>\n<li><a href=\"https:\/\/www.agrosmartglobal.eu\/fr\/2017\/05\/29\/5-5-diminution-du-degre-doxydation-et-augmentation-de-la-limpidite-des-mouts-blancs-employes-lors-de-la-vinification-de-vin-blanc-typologie-1\/\">5.5. DIMINUTION DU DEGR\u00c9 D\u2019OXYDATION ET AUGMENTATION DE LA LIMPIDIT\u00c9 DES MO\u00dbTS BLANCS EMPLOY\u00c9S LORS DE LA VINIFICATION DE VIN BLANC<\/a><\/li>\n<li><a href=\"https:\/\/www.agrosmartglobal.eu\/fr\/2017\/05\/29\/5-6-diminution-des-quantites-de-sulfites-so2-typologie-1\/\">5.6. DIMINUTION DES QUANTIT\u00c9S DE SULFITES (SO2)<\/a><\/li>\n<li><a href=\"https:\/\/www.agrosmartglobal.eu\/fr\/2017\/05\/29\/5-7-elaboration-de-boissons-a-faible-taux-dalcool-a-partir-de-mouts-de-raisin-typologie-2\/\">5.7. \u00c9LABORATION DE BOISSONS \u00c0 FAIBLE TAUX D\u2019ALCOOL \u00c0 PARTIR DE MO\u00dbTS DE RAISIN<\/a><\/li>\n<li><a href=\"https:\/\/www.agrosmartglobal.eu\/fr\/2017\/05\/29\/5-8-gestion-des-dechets-typologie-3\/\">5.8. GESTION DES D\u00c9CHETS<\/a><\/li>\n<li><a href=\"https:\/\/www.agrosmartglobal.eu\/fr\/2017\/05\/29\/5-9-emballage-bag-in-box-typologie-5\/\">5.9. EMBALLAGE BAG-IN-BOX<\/a><\/li>\n<li><a href=\"https:\/\/www.agrosmartglobal.eu\/fr\/2017\/05\/29\/5-10-emploi-de-levures-indigenes-typologie-5\/\">5.10. EMPLOI DE LEVURES INDIG\u00c8NES<\/a><\/li>\n<\/ul>\n<p>[\/vc_column_text][\/vc_column_inner][\/vc_row_inner]    <\/div><!-- .container -->\n[\/vc_column][\/vc_row]<\/p>\n","protected":false},"excerpt":{"rendered":"<p>[vc_row][vc_column][\/vc_column][\/vc_row]<\/p>\n","protected":false},"author":3,"featured_media":0,"parent":0,"menu_order":0,"comment_status":"closed","ping_status":"closed","template":"","meta":{"_bbp_topic_count":0,"_bbp_reply_count":0,"_bbp_total_topic_count":0,"_bbp_total_reply_count":0,"_bbp_voice_count":0,"_bbp_anonymous_reply_count":0,"_bbp_topic_count_hidden":0,"_bbp_reply_count_hidden":0,"_bbp_forum_subforum_count":0},"_links":{"self":[{"href":"https:\/\/www.agrosmartglobal.eu\/fr\/wp-json\/wp\/v2\/pages\/3575"}],"collection":[{"href":"https:\/\/www.agrosmartglobal.eu\/fr\/wp-json\/wp\/v2\/pages"}],"about":[{"href":"https:\/\/www.agrosmartglobal.eu\/fr\/wp-json\/wp\/v2\/types\/page"}],"author":[{"embeddable":true,"href":"https:\/\/www.agrosmartglobal.eu\/fr\/wp-json\/wp\/v2\/users\/3"}],"replies":[{"embeddable":true,"href":"https:\/\/www.agrosmartglobal.eu\/fr\/wp-json\/wp\/v2\/comments?post=3575"}],"version-history":[{"count":9,"href":"https:\/\/www.agrosmartglobal.eu\/fr\/wp-json\/wp\/v2\/pages\/3575\/revisions"}],"predecessor-version":[{"id":9958,"href":"https:\/\/www.agrosmartglobal.eu\/fr\/wp-json\/wp\/v2\/pages\/3575\/revisions\/9958"}],"wp:attachment":[{"href":"https:\/\/www.agrosmartglobal.eu\/fr\/wp-json\/wp\/v2\/media?parent=3575"}],"curies":[{"name":"wp","href":"https:\/\/api.w.org\/{rel}","templated":true}]}}