{"id":24966,"date":"2023-04-12T15:39:00","date_gmt":"2023-04-12T13:39:00","guid":{"rendered":"https:\/\/www.agrosmartglobal.eu\/?page_id=24966"},"modified":"2023-04-12T15:43:15","modified_gmt":"2023-04-12T13:43:15","slug":"promotion-des-programmes-de-qualite-de-lue-sur-internet","status":"publish","type":"page","link":"https:\/\/www.agrosmartglobal.eu\/fr\/promotion-des-programmes-de-qualite-de-lue-sur-internet\/","title":{"rendered":"Promotion des programmes de qualit\u00e9 de l\u2019UE sur Internet"},"content":{"rendered":"<p>[vc_row][vc_column el_class=\u00a0\u00bbcontainer\u00a0\u00bb][vc_column_text]<strong>Les b\u00e9n\u00e9fices du marketing digital.<\/strong><\/p>\n<p>La pr\u00e9sence digitale combine des fonctions informatives, relationnelles et\u00a0transactionnelles.<\/p>\n<p>Le marketing par des moyens digitaux tels que l&rsquo;internet, les moteurs de recherche, les r\u00e9seaux sociaux, les blogs, les canaux vid\u00e9o, les sites web et les applications, est connu sous le nom de marketing digital. Il s&rsquo;agit de la forme de marketing qui conna\u00eet la croissance la plus rapide en raison de sa port\u00e9e, de sa rentabilit\u00e9\u0301, de sa mesurabilit\u00e9\u0301 et de sa pr\u00e9cision. Les canaux de vente en ligne offrent un nouveau moyen de communication peu co\u00fbteux, renfor\u00e7ant la confiance et l&rsquo;interaction avec les consommateurs (et am\u00e9liorant la position concurrentielle).<\/p>\n<p>La nature du march\u00e9\u0301 europ\u00e9en des produits sous IG met \u00e9galement en \u00e9vidence la n\u00e9cessit\u00e9\u0301 de strat\u00e9gies de promotion digitale. D&rsquo;une part, l&rsquo;Europe compte le plus grand nombre d&rsquo;IG en vigueur parmi toutes les r\u00e9gions et, d&rsquo;autre part, la valeur a\u0300 l&rsquo;exportation de ces produits est beaucoup plus \u00e9lev\u00e9e que dans d&rsquo;autres secteurs.<\/p>\n<p>Selon les donn\u00e9es communiqu\u00e9es en 2018 par les 92 autorit\u00e9s nationales\/r\u00e9gionales a\u0300 l&rsquo;Organisation mondiale de la propri\u00e9t\u00e9\u0301 intellectuelle (OMPI), 65 900 IG prot\u00e9g\u00e9es sont actives.<\/p>\n<p>\u00ab L&rsquo;\u00c9tude sur la valeur \u00e9conomique des syste\u0300mes de qualite\u0301, des indications ge\u0301ographiques (IG) et des spe\u0301cialite\u0301s traditionnelles garanties (STG) de l&rsquo;UE \u00bb re\u0301alise\u0301e par la Commission europe\u0301enne a estime\u0301 la valeur des ventes d\u2019IG a\u0300 77,15 milliards d&rsquo;euros dans l&rsquo;UE 28 en 2017.[\/vc_column_text][\/vc_column][\/vc_row]<\/p>\n","protected":false},"excerpt":{"rendered":"<p>[vc_row][vc_column el_class=\u00a0\u00bbcontainer\u00a0\u00bb][vc_column_text]Les b\u00e9n\u00e9fices du marketing digital. La pr\u00e9sence digitale combine des fonctions informatives, relationnelles et\u00a0transactionnelles. Le marketing par des moyens digitaux tels que l&rsquo;internet, les moteurs de recherche, les r\u00e9seaux sociaux, les blogs, les canaux vid\u00e9o, les sites web et les applications, est connu sous le nom de marketing digital. Il s&rsquo;agit de la forme [&hellip;]<\/p>\n","protected":false},"author":256,"featured_media":0,"parent":0,"menu_order":0,"comment_status":"closed","ping_status":"closed","template":"template-consultoria-publica.php","meta":{"_bbp_topic_count":0,"_bbp_reply_count":0,"_bbp_total_topic_count":0,"_bbp_total_reply_count":0,"_bbp_voice_count":0,"_bbp_anonymous_reply_count":0,"_bbp_topic_count_hidden":0,"_bbp_reply_count_hidden":0,"_bbp_forum_subforum_count":0},"_links":{"self":[{"href":"https:\/\/www.agrosmartglobal.eu\/fr\/wp-json\/wp\/v2\/pages\/24966"}],"collection":[{"href":"https:\/\/www.agrosmartglobal.eu\/fr\/wp-json\/wp\/v2\/pages"}],"about":[{"href":"https:\/\/www.agrosmartglobal.eu\/fr\/wp-json\/wp\/v2\/types\/page"}],"author":[{"embeddable":true,"href":"https:\/\/www.agrosmartglobal.eu\/fr\/wp-json\/wp\/v2\/users\/256"}],"replies":[{"embeddable":true,"href":"https:\/\/www.agrosmartglobal.eu\/fr\/wp-json\/wp\/v2\/comments?post=24966"}],"version-history":[{"count":2,"href":"https:\/\/www.agrosmartglobal.eu\/fr\/wp-json\/wp\/v2\/pages\/24966\/revisions"}],"predecessor-version":[{"id":24981,"href":"https:\/\/www.agrosmartglobal.eu\/fr\/wp-json\/wp\/v2\/pages\/24966\/revisions\/24981"}],"wp:attachment":[{"href":"https:\/\/www.agrosmartglobal.eu\/fr\/wp-json\/wp\/v2\/media?parent=24966"}],"curies":[{"name":"wp","href":"https:\/\/api.w.org\/{rel}","templated":true}]}}