{"id":242,"date":"2016-12-16T12:16:16","date_gmt":"2016-12-16T11:16:16","guid":{"rendered":"https:\/\/www.agrosmartglobal.eu\/fr\/politica-de-cookies\/"},"modified":"2021-06-01T17:51:44","modified_gmt":"2021-06-01T15:51:44","slug":"politique-des-cookies","status":"publish","type":"page","link":"https:\/\/www.agrosmartglobal.eu\/fr\/politique-des-cookies\/","title":{"rendered":"Politique des Cookies"},"content":{"rendered":"<p>[vc_row][vc_column]    <div class=\"container \">\n      [vc_column_text]<\/p>\n<p><span style=\"font-weight: 400;\">Le site www.agrosmartglobal.eu utilise des cookies pour faciliter la navigation des visiteurs sur le site et permettre de compiler des statistiques sur les visites. En conformit\u00e9 avec la\u00a0\u00ab\u00a0<\/span><i><span style=\"font-weight: 400;\">directive 2009\/136 \/ CE\u00a0\u00bb<\/span><\/i><span style=\"font-weight: 400;\">, \u00e9dict\u00e9e dans le syst\u00e8me juridique de l\u2019Espagne au deuxi\u00e8me alin\u00e9a de \u00ab\u00a0<\/span><i><span style=\"font-weight: 400;\">l\u2019article 22 de la Ley de Servicios de la Sociedad de la Informaci\u00f3n<\/span><\/i><span style=\"font-weight: 400;\">\u00a0\u00bb, et suivant les directives de \u00ab\u00a0<\/span><i><span style=\"font-weight: 400;\">l\u2019Agencia Espa\u00f1ola de Protecci\u00f3n de Datos\u00a0\u00bb<\/span><\/i><span style=\"font-weight: 400;\">, nous souhaitons vous informer en d\u00e9tail sur l\u2019utilisation de notre site Web.<\/span><\/p>\n<h2><b>Que sont les cookies ?<\/b><\/h2>\n<p><span style=\"font-weight: 400;\">Un cookie d\u00e9signe un petit fichier informatique qui est enregistr\u00e9 sur le navigateur de chaque visiteur de notre site Web, afin que le serveur puisse se rappeler de la visite de cet utilisateur \u00e0 l\u2019occasion d\u2019une visite ult\u00e9rieure.<\/span><\/p>\n<p><span style=\"font-weight: 400;\">Cette information ne r\u00e9v\u00e8le pas votre identit\u00e9, ni aucune information personnelle et ne permet pas l\u2019acc\u00e8s au contenu personnel stock\u00e9 sur votre ordinateur. Il permet \u00e0 notre syst\u00e8me de vous identifier en tant qu\u2019utilisateur (anonyme), qui a visit\u00e9 le site pr\u00e9c\u00e9demment, qui a visualis\u00e9 certaines pages, etc. et \u00e9galement d\u2019enregistrer vos pr\u00e9f\u00e9rences personnelles de navigation.<\/span><\/p>\n<h2><b>Gestion des Cookies<\/b><\/h2>\n<p><span style=\"font-weight: 400;\">Si vous ne voulez pas que les cookies soient stock\u00e9s dans votre navigateur ou si vous pr\u00e9f\u00e9rez recevoir une notification chaque fois qu\u2019un cookie demande de s\u2019installer, vous pouvez d\u00e9finir vos options de navigation. La plupart des navigateurs permettent de g\u00e9rer les cookies de 3 fa\u00e7ons :<\/span><\/p>\n<ul>\n<li style=\"font-weight: 400;\" aria-level=\"1\"><span style=\"font-weight: 400;\">Les cookies sont toujours rejet\u00e9s<\/span><\/li>\n<li style=\"font-weight: 400;\" aria-level=\"1\"><span style=\"font-weight: 400;\">Le navigateur demande si l\u2019utilisateur souhaite installer chaque cookie<\/span><\/li>\n<li style=\"font-weight: 400;\" aria-level=\"1\"><span style=\"font-weight: 400;\">Les cookies sont toujours accept\u00e9s<\/span><\/li>\n<\/ul>\n<p><span style=\"font-weight: 400;\">Votre navigateur peut \u00e9galement inclure la possibilit\u00e9 de s\u00e9lectionner sp\u00e9cifiquement les cookies que vous voulez qui soient install\u00e9s sur votre ordinateur. Plus pr\u00e9cis\u00e9ment, l\u2019utilisateur peut normalement accepter l\u2019une des options suivantes :<\/span><\/p>\n<ul>\n<li style=\"font-weight: 400;\" aria-level=\"1\"><span style=\"font-weight: 400;\">refuser les cookies provenant de certains domaines<\/span><\/li>\n<li style=\"font-weight: 400;\" aria-level=\"1\"><span style=\"font-weight: 400;\">refuser les cookies tiers<\/span><\/li>\n<li style=\"font-weight: 400;\" aria-level=\"1\"><span style=\"font-weight: 400;\">accepter les cookies comme non permanents (les cookies sont \u00e9limin\u00e9s au moment de fermer le navigateur)<\/span><\/li>\n<li style=\"font-weight: 400;\" aria-level=\"1\"><span style=\"font-weight: 400;\">permettre au serveur de cr\u00e9er des cookies pour un domaine diff\u00e9rent.<\/span><\/li>\n<\/ul>\n<p><span style=\"font-weight: 400;\">Vous pouvez trouver des informations sur la fa\u00e7on de configurer les navigateurs les plus utilis\u00e9s sur les liens suivants :<\/span><\/p>\n<ul>\n<li style=\"font-weight: 400;\" aria-level=\"1\"><a href=\"https:\/\/support.google.com\/chrome\/answer\/95647?hl=fr\"><span style=\"font-weight: 400;\">Google Chrome<\/span><\/a><\/li>\n<li style=\"font-weight: 400;\" aria-level=\"1\"><a href=\"https:\/\/support.microsoft.com\/fr-fr\/products\/windows?os=windows-7\"><span style=\"font-weight: 400;\">Internet Explorer<\/span><\/a><\/li>\n<li style=\"font-weight: 400;\" aria-level=\"1\"><a href=\"https:\/\/support.mozilla.org\/fr\/kb\/activer-desactiver-cookies\"><span style=\"font-weight: 400;\">Mozilla Firefox<\/span><\/a><span style=\"font-weight: 400;\">\u00a0\u2013\u00a0<\/span><a href=\"https:\/\/support.mozilla.org\/fr\/locales?next=%2Fen-US%2Fkb%2Fdelete-cookies-remove-info-websites-stored\"><span style=\"font-weight: 400;\">(\u00c9liminer Cookies sur Mozilla Firefox)<\/span><\/a><\/li>\n<li style=\"font-weight: 400;\" aria-level=\"1\"><a href=\"https:\/\/support.apple.com\/kb\/ph5042?locale=fr_FR\"><span style=\"font-weight: 400;\">Safari<\/span><\/a><\/li>\n<\/ul>\n<p><span style=\"font-weight: 400;\">En ce qui concerne les cookies tiers, \u00e0 savoir ceux qui sont \u00e9trangers \u00e0 notre site, nous ne sommes pas responsables du contenu ni de l\u2019exactitude des politiques de confidentialit\u00e9 qu\u2019ils incluent. En cas de doute contacter le webmaster du cr\u00e9ateur du domaine du cookie.<\/span><\/p>\n<p><span style=\"font-weight: 400;\">Pour consulter les conditions compl\u00e8tes d\u2019utilisation du site www.agrosmartglobal.eu, vous pouvez suivre ce <\/span><a href=\"https:\/\/www.agrosmartglobal.eu\/fr\/mentions-legale\/\"><span style=\"font-weight: 400;\">lien<\/span><\/a><span style=\"font-weight: 400;\">.<\/span><\/p>\n<p><span style=\"font-weight: 400;\">Vous trouverez ci-dessous les cookies susceptibles d\u2019\u00eatre d\u00e9pos\u00e9s \u00e0 partir de notre site www.agrosmartglobal.eu. En fonction de votre navigateur, tout ou partie de ces cookies peuvent \u00eatre t\u00e9l\u00e9charg\u00e9s.<\/span><\/p>\n<p>&nbsp;<\/p>\n<div class=\"table-responsive\">\n<table class=\"table table-striped\">\n<tbody>\n<tr>\n<th>DOMAINE<\/th>\n<th>NOM DU COOKIE<\/th>\n<th>DESCRIPTION<\/th>\n<th>DATE D&rsquo;EXPIRATION<\/th>\n<th>EN SAVOIR PLUS<\/th>\n<\/tr>\n<tr>\n<td>www.agrosmartglobal.eu<\/td>\n<td>PHPSESSID<\/td>\n<td>Cookie utilis\u00e9 par le langage de programmation PHP pour permettre que des variables de session soient stock\u00e9s sur le serveur Web. Ce cookie est essentiel pour le fonctionnement du site web.<\/td>\n<td>Date d&rsquo;expiration: lors de la fermeture d&rsquo;une session<\/td>\n<td><a href=\"https:\/\/www.agrosmartglobal.eu\/aviso-legal\" target=\"_blank\" rel=\"noopener noreferrer\">Politique de Confidentialit\u00e9<\/a><\/td>\n<\/tr>\n<tr>\n<td>www.agrosmartglobal.eu<\/td>\n<td>_ga<\/td>\n<td>Google Analytics est un outil d\u2019analyse Web gratuit de Google qui permet principalement aux propri\u00e9taires de sites de savoir comment les utilisateurs interagissent avec leur site web. Il permet \u00e9galement aux cookies de collecter des informations de fa\u00e7on anonyme et \u00e0 d\u00e9finir les tendances du site Web sans identifier les utilisateurs individuels.<\/td>\n<td>Date d&rsquo;expiration: 24 mois (2 ans)<\/td>\n<td><a href=\"https:\/\/www.agrosmartglobal.eu\/aviso-legal\" target=\"_blank\" rel=\"noopener noreferrer\">Politique de Confidentialit\u00e9<\/a><\/td>\n<\/tr>\n<tr>\n<td>www.agrosmartglobal.eu<\/td>\n<td>_gid<\/td>\n<td>Analytique (service Google Analytics) : utilis\u00e9 pour distinguer les utilisateurs. Nous utilisons des cookies Google Analytics int\u00e9gr\u00e9s \u00e0 notre site web pour collecter des informations sur la fa\u00e7on dont les visiteurs naviguent sur notre site. Nous utilisons ces informations pour compiler des rapports et aider \u00e0 am\u00e9liorer le site. Les cookies collectent des informations sous une forme anonyme, notamment le nombre de visiteurs, l&rsquo;origine des visiteurs sur notre site web et les pages qu&rsquo;ils ont visit\u00e9es sur notre site web.<\/td>\n<td>Date d&rsquo;expiration: 1 jour<\/td>\n<td><a href=\"https:\/\/www.agrosmartglobal.eu\/aviso-legal\" target=\"_blank\" rel=\"noopener noreferrer\">Politique de Confidentialit\u00e9<\/a><\/td>\n<\/tr>\n<tr>\n<td>www.agrosmartglobal.eu<\/td>\n<td>_gat<\/td>\n<td>Analytique (service Google Analytics) : utilis\u00e9 pour limiter le pourcentage de demandes. Nous utilisons des cookies Google Analytics int\u00e9gr\u00e9s \u00e0 notre site web pour collecter des informations sur la fa\u00e7on dont les visiteurs naviguent sur notre site. Nous utilisons ces informations pour compiler des rapports et aider \u00e0 am\u00e9liorer le site. Les cookies collectent des informations sous une forme anonyme, notamment le nombre de visiteurs, l&rsquo;origine des visiteurs sur notre site web et les pages qu&rsquo;ils ont visit\u00e9es sur notre site web.<\/td>\n<td>Date d&rsquo;expiration: 10 minutes<\/td>\n<td><a href=\"https:\/\/www.agrosmartglobal.eu\/aviso-legal\" target=\"_blank\" rel=\"noopener noreferrer\">Politique de Confidentialit\u00e9<\/a><\/td>\n<\/tr>\n<tr>\n<td>www.agrosmartglobal.eu<\/td>\n<td>gp_cookies_closed<\/td>\n<td>Cookie indiquant que l&rsquo;utilisateur a ferm\u00e9 la fen\u00eatre des pr\u00e9f\u00e9rences en mati\u00e8re de cookies.<\/td>\n<td>Date d&rsquo;expiration: 24 mois (2 ans)<\/td>\n<td><a href=\"https:\/\/www.agrosmartglobal.eu\/aviso-legal\" target=\"_blank\" rel=\"noopener noreferrer\">Politique de Confidentialit\u00e9<\/a><\/td>\n<\/tr>\n<tr>\n<td>www.agrosmartglobal.eu<\/td>\n<td>gp_cookies_groups<\/td>\n<td>Cookie qui recueille les groupes de cookies que l&rsquo;utilisateur accepte que nous installions.<\/td>\n<td>Date d&rsquo;expiration: 2 mois<\/td>\n<td><a href=\"https:\/\/www.agrosmartglobal.eu\/aviso-legal\" target=\"_blank\" rel=\"noopener noreferrer\">Pol\u00edtica de Privacidad<\/a><\/td>\n<\/tr>\n<tr>\n<td>www.agrosmartglobal.eu<\/td>\n<td>idoma<\/td>\n<td>Cookie utilis\u00e9 pour la s\u00e9lection de la langue&#8230;<\/td>\n<td>Date d&rsquo;expiration: 2 mois<\/td>\n<td><a href=\"https:\/\/www.agrosmartglobal.eu\/aviso-legal\" target=\"_blank\" rel=\"noopener noreferrer\">Politique de Confidentialit\u00e9<\/a><\/td>\n<\/tr>\n<\/tbody>\n<\/table>\n<\/div>\n<p>&nbsp;<\/p>\n<h2><span style=\"font-weight: 400;\">Que pouvez-vous faire avec des cookies ?<\/span><\/h2>\n<p><span style=\"font-weight: 400;\">Lorsque vous acc\u00e9dez \u00e0 notre site web pour la premi\u00e8re fois, une fen\u00eatre s&rsquo;affiche dans laquelle nous vous informons que les cookies peuvent \u00eatre de diff\u00e9rents types :<\/span><\/p>\n<p><span style=\"font-weight: 400;\">Les cookies techniques sont n\u00e9cessaires au fonctionnement de notre site web, ils ne n\u00e9cessitent pas votre autorisation et sont les seuls que nous avons activ\u00e9s par d\u00e9faut.<\/span><\/p>\n<p><span style=\"font-weight: 400;\">Les autres cookies sont utilis\u00e9s pour am\u00e9liorer notre site web, pour le personnaliser en fonction de vos pr\u00e9f\u00e9rences, ou pour pouvoir vous montrer des publicit\u00e9s adapt\u00e9es \u00e0 vos recherches, vos go\u00fbts et vos int\u00e9r\u00eats personnels. Ils sont tous d\u00e9sactiv\u00e9s par d\u00e9faut, mais vous pouvez les activer dans notre section CONFIGURATION DES COOKIES : prenez le contr\u00f4le et profitez d&rsquo;une navigation personnalis\u00e9e sur notre site, avec une \u00e9tape aussi simple et rapide que de cocher les cases que vous souhaitez.<\/span><\/p>\n<p><span style=\"font-weight: 400;\">Nous vous informons \u00e9galement qu&rsquo;une fois que vous avez activ\u00e9 tout type de cookies, vous avez la possibilit\u00e9 de les d\u00e9sactiver quand vous le souhaitez, en d\u00e9cochant simplement la case correspondante dans la section CONFIGURATION DES COOKIES de notre site web. Il vous sera toujours aussi facile d&rsquo;activer nos propres cookies que de les d\u00e9sactiver.<\/span><\/p>\n<p><span style=\"font-weight: 400;\">Nous vous rappelons \u00e9galement que, par le biais des param\u00e8tres de votre navigateur, vous pouvez bloquer, \u00eatre alert\u00e9 par la pr\u00e9sence de cookies, bien que ce blocage puisse affecter le bon fonctionnement des diff\u00e9rentes fonctionnalit\u00e9s de notre site web dans le cas des cookies techniques n\u00e9cessaires.<\/span><\/p>\n<p><span style=\"font-weight: 400;\">Enfin, si vous activez des cookies tiers (entreprises externes qui fournissent des services pour notre site web) et que vous souhaitez ensuite les d\u00e9sactiver, vous pouvez le faire de deux mani\u00e8res : en utilisant les outils de d\u00e9sactivation des cookies de votre navigateur ou \u00e0 travers les syst\u00e8mes activ\u00e9s par ces fournisseurs externes.<\/span><\/p>\n<p><span style=\"font-weight: 400;\">Pour vous faciliter la t\u00e2che, voici une s\u00e9rie de liens vers les directives relatives \u00e0 la d\u00e9sactivation des cookies dans les navigateurs les plus utilis\u00e9s :<\/span><\/p>\n<p><strong>Gestion des cookies<\/strong><\/p>\n<p><span style=\"font-weight: 400;\">Lorsque l&rsquo;utilisateur acc\u00e8de pour la premi\u00e8re fois \u00e0 notre site web, une fen\u00eatre s&rsquo;affiche et il est inform\u00e9 qu&rsquo;il peut accepter les cookies, configurer le traitement ou les refuser.<\/span><\/p>\n<p><span style=\"font-weight: 400;\">En ce sens, vous disposez ci-dessous d&rsquo;un panneau de configuration qui vous permettra d&rsquo;accepter ou de refuser l&rsquo;installation de cookies, \u00e0 l&rsquo;exception de ceux strictement n\u00e9cessaires, sans lesquels le site web ne fonctionnerait pas correctement ou ne permettrait pas de fournir le service demand\u00e9 par l&rsquo;utilisateur.<\/span><\/p>\n<ul>\n<li><a href=\"https:\/\/support.google.com\/accounts\/answer\/61416?co=GENIE.Platform%3DDesktop&amp;hl=es\" target=\"_blank\" rel=\"noopener noreferrer\">Google Chrome<\/a>.<\/li>\n<li><a href=\"https:\/\/support.mozilla.org\/es\/kb\/Borrar%20cookies\" target=\"_blank\" rel=\"noopener noreferrer\">Mozilla Firefox<\/a>.<\/li>\n<li><a href=\"https:\/\/support.microsoft.com\/es-es\/help\/278835\/how-to-delete-cookie-files-in-internet-explorer\" target=\"_blank\" rel=\"noopener noreferrer\">Internet Explorer.<\/a><\/li>\n<li><a href=\"https:\/\/support.apple.com\/es-es\/guide\/safari\/sfri11471\/mac\" target=\"_blank\" rel=\"noopener noreferrer\">Safari.<\/a><\/li>\n<li><a href=\"https:\/\/support.apple.com\/es-es\/HT201265\" target=\"_blank\" rel=\"noopener noreferrer\">Safari para IOS (iPhone y iPad).<\/a><\/li>\n<li><a href=\"https:\/\/support.google.com\/accounts\/answer\/61416?co=GENIE.Platform%3DAndroid&amp;hl=es&amp;oco=1\" target=\"_blank\" rel=\"noopener noreferrer\">Google Chrome para Android.<\/a><\/li>\n<li><a href=\"https:\/\/support.google.com\/accounts\/answer\/61416?co=GENIE.Platform%3DiOS&amp;hl=es&amp;oco=1\" target=\"_blank\" rel=\"noopener noreferrer\">Google Chrome para Iphone y Ipad.<\/a><\/li>\n<\/ul>\n<p><a class=\"open-gp-cookies\" href=\"#\">D\u00e9finir les cookies<\/a><\/p>\n<p>[\/vc_column_text]    <\/div><!-- .container -->\n[\/vc_column][\/vc_row]<\/p>\n","protected":false},"excerpt":{"rendered":"<p>[vc_row][vc_column][\/vc_column][\/vc_row]<\/p>\n","protected":false},"author":1,"featured_media":0,"parent":0,"menu_order":0,"comment_status":"closed","ping_status":"closed","template":"","meta":{"_bbp_topic_count":0,"_bbp_reply_count":0,"_bbp_total_topic_count":0,"_bbp_total_reply_count":0,"_bbp_voice_count":0,"_bbp_anonymous_reply_count":0,"_bbp_topic_count_hidden":0,"_bbp_reply_count_hidden":0,"_bbp_forum_subforum_count":0},"_links":{"self":[{"href":"https:\/\/www.agrosmartglobal.eu\/fr\/wp-json\/wp\/v2\/pages\/242"}],"collection":[{"href":"https:\/\/www.agrosmartglobal.eu\/fr\/wp-json\/wp\/v2\/pages"}],"about":[{"href":"https:\/\/www.agrosmartglobal.eu\/fr\/wp-json\/wp\/v2\/types\/page"}],"author":[{"embeddable":true,"href":"https:\/\/www.agrosmartglobal.eu\/fr\/wp-json\/wp\/v2\/users\/1"}],"replies":[{"embeddable":true,"href":"https:\/\/www.agrosmartglobal.eu\/fr\/wp-json\/wp\/v2\/comments?post=242"}],"version-history":[{"count":11,"href":"https:\/\/www.agrosmartglobal.eu\/fr\/wp-json\/wp\/v2\/pages\/242\/revisions"}],"predecessor-version":[{"id":11099,"href":"https:\/\/www.agrosmartglobal.eu\/fr\/wp-json\/wp\/v2\/pages\/242\/revisions\/11099"}],"wp:attachment":[{"href":"https:\/\/www.agrosmartglobal.eu\/fr\/wp-json\/wp\/v2\/media?parent=242"}],"curies":[{"name":"wp","href":"https:\/\/api.w.org\/{rel}","templated":true}]}}