{"id":238,"date":"2016-12-02T11:54:52","date_gmt":"2016-12-02T11:54:52","guid":{"rendered":"https:\/\/www.agrosmartglobal.eu\/fr\/inicio\/"},"modified":"2023-02-14T09:48:30","modified_gmt":"2023-02-14T08:48:30","slug":"inicio","status":"publish","type":"page","link":"https:\/\/www.agrosmartglobal.eu\/fr\/","title":{"rendered":"Accueil"},"content":{"rendered":"<p>[vc_row el_class=\u00a0\u00bbsection-video-home\u00a0\u00bb][vc_column el_class=\u00a0\u00bbcontainer\u00a0\u00bb]    <div class=\"col-md-6 col-sm-6\">\n        [vc_column_text]<\/p>\n<p><a class=\"video-link magnific-video\" href=\"https:\/\/www.youtube.com\/watch?v=z5O2Cu7GRW4\"><img src=\"https:\/\/www.agrosmartglobal.eu\/wp-content\/uploads\/2023\/01\/placeholder-video-home.png\" alt=\"\" \/><\/a><\/p>\n<p>[\/vc_column_text]    <\/div>\n    <div class=\"col-md-6 col-sm-6 proyectos-home\">\n        [vc_column_text]    <h2 class=\"section-title \">PROJET<\/h2>\n[\/vc_column_text]    <div class=\"cont-owl-rs\">\n      <div class=\"owl-rs\">\n            <div>\n        <h3>Projet<\/h3>\n        <p><\/p>\n<p>Expansion internationale intelligente en Chine et les \u00c9tats-Unis d&rsquo;Am\u00e9rique. D\u00e9veloppement des processus, des outils et des services de soutien avanc\u00e9s pour renforcer le positionnement, la promotion et l&rsquo;expansion internationale intelligente gr\u00e2ce \u00e0 la mise en \u0153uvre de strat\u00e9gies de marketing num\u00e9rique ax\u00e9es sur la coop\u00e9ration interentreprises.<\/p>\n<p><\/p> \n    <\/div><!-- item -->\n    <div>\n        <h3>Objetifs Sp\u00e9cifiques<\/h3>\n        <p>1. l\u2019internationalisation num\u00e9rique.<br \/>\n2. Promouvoir et prot\u00e9ger sur Internet les produits agroalimentaires de qualit\u00e9 et d\u2019origine, sous indications g\u00e9ographiques (AOP et IGP).<br \/>\n3. Cr\u00e9ation d\u2019alliances avec les professionnels du march\u00e9 cible a n de faciliter la promotion et l\u2019expansion internationale.<\/p> \n    <\/div><!-- item -->\n    <div>\n        <h3>Budget<\/h3>\n        <p><\/p>\n<p>1.591.122,10 \u20ac, et est co-financ\u00e9 \u00e0 hauteur de 75% par le Fonds Europ\u00e9en du D\u00e9veloppement R\u00e9gional (FEDER).<\/p>\n<p><\/p> \n    <\/div><!-- item -->\n    <div>\n        <h3>Dur\u00e9e du projet<\/h3>\n        <p>42 mois, du 1er octobre 2019 au 31 mars 2023.<\/p> \n    <\/div><!-- item -->\n    <div>\n        <h3>Activit\u00e9s et r\u00e9sultats<\/h3>\n        <p><\/p>\n<p>1. Analyse de la capacit\u00e9 d\u2019adaptation et de diff\u00e9renciation des coop\u00e9ratives agroalimentaires du SUDOE sur le march\u00e9 international actuel.<br \/>\n2. Cr\u00e9ation de services d\u2019accompagnement \u00e0 l\u2019internationalisation num\u00e9rique et d\u00e9veloppement de business mod\u00e8les pour un marketing intelligent.<br \/>\n3. Actions pour renforcer les connaissances en marketing num\u00e9rique et promouvoir l\u2019intercoop\u00e9ration pour une internationalisation intelligente.<\/p>\n<p><\/p> \n    <\/div><!-- item -->\n      <\/div><!-- .owl-rs -->\n  <\/div><!-- .cont-owl-rs -->\n\n[vc_column_text]<a class=\"btn btn-primary\" href=\"https:\/\/www.agrosmartglobal.eu\/fr\/projet\/\">EN SAVOIR PLUS<\/a>[\/vc_column_text]    <\/div>\n[\/vc_column][\/vc_row][vc_row el_class=\u00a0\u00bbsection-gray\u00a0\u00bb][vc_column]    <div class=\"container \">\n      [vc_column_text]<\/p>\n    <h2 class=\"section-title text-center margin-bottom-60\">R\u00e9sultats<\/h2>\n\n<p>[\/vc_column_text][vc_row_inner][vc_column_inner el_class=\u00a0\u00bbicon-list-links\u00a0\u00bb width=\u00a0\u00bb1\/3&Prime;][vc_column_text]<\/p>\n<p><img loading=\"lazy\" class=\"img-responsive aligncenter\" src=\"https:\/\/www.agrosmartglobal.eu\/wp-content\/uploads\/2016\/12\/1-1.png\" alt=\"\" width=\"128\" height=\"128\" \/><\/p>\n<h3 class=\"wow fadeInUp\">Connaissances<\/h3>\n<ul>\n<li><a href=\"https:\/\/www.agrosmartglobal.eu\/fr\/mooc\/\">MOOC: march\u00e9s internationaux <\/a><\/li>\n<li><a href=\"https:\/\/www.agrosmartglobal.eu\/fr\/formation-en-ligne\/\">Formation pour entreprises<\/a><\/li>\n<\/ul>\n<p>[\/vc_column_text][\/vc_column_inner][vc_column_inner el_class=\u00a0\u00bbicon-list-links\u00a0\u00bb width=\u00a0\u00bb1\/3&Prime;][vc_column_text el_class=\u00a0\u00bbicon-list-links\u00a0\u00bb]<\/p>\n<div class=\"wow fadeInUp\" data-wow-delay=\"0.3s\">\n<p><img loading=\"lazy\" class=\"img-responsive aligncenter\" src=\"https:\/\/www.agrosmartglobal.eu\/wp-content\/uploads\/2016\/12\/2-1.png\" alt=\"\" width=\"128\" height=\"128\" \/><\/p>\n<h3 class=\"wow fadeInUp\">Opportunit\u00e9s<\/h3>\n<ul>\n<li><a href=\"https:\/\/www.agrosmartglobal.eu\/fr\/guide-dinternationalisation-digitale\/\">Conseil en mati\u00e8re de commerce \u00e9lectronique international<\/a><\/li>\n<li><a href=\"https:\/\/www.agrosmartglobal.eu\/fr\/mapa-financiamiento\/\">Carte de financement<\/a><\/li>\n<\/ul>\n<\/div>\n<p>[\/vc_column_text][\/vc_column_inner][vc_column_inner el_class=\u00a0\u00bbicon-list-links\u00a0\u00bb width=\u00a0\u00bb1\/3&Prime;][vc_column_text el_class=\u00a0\u00bbicon-list-links\u00a0\u00bb]<\/p>\n<div class=\"wow fadeInUp\" data-wow-delay=\"0.6s\">\n<p><img loading=\"lazy\" class=\"img-responsive aligncenter\" src=\"https:\/\/www.agrosmartglobal.eu\/wp-content\/uploads\/2016\/12\/3-1.png\" alt=\"\" width=\"128\" height=\"128\" \/><\/p>\n<h3 class=\"wow fadeInUp\">Visibilit\u00e9<\/h3>\n<ul>\n<li><a href=\"https:\/\/www.agrosmartglobal.eu\/fr\/internationalisation\/\">Catalogue de produits<\/a><\/li>\n<li><a href=\"https:\/\/www.agrosmartglobal.eu\/fr\/projet\/\">Projets pilotes<\/a><\/li>\n<li><a href=\"https:\/\/www.agrosmartglobal.eu\/fr\/cooperativas\/\">Carte de G\u00e9olocalisation<\/a><\/li>\n<\/ul>\n<\/div>\n<p>[\/vc_column_text][\/vc_column_inner][\/vc_row_inner]    <\/div><!-- .container -->\n[\/vc_column][\/vc_row][vc_row el_class=\u00a0\u00bbsection-home-socios\u00a0\u00bb][vc_column]    <div class=\"container \">\n      [vc_column_text]<\/p>\n<p>    <h2 class=\"section-title text-center\">Partenaires<\/h2>\n<br \/>\n    <h3 class=\"section-subtitle text-center\"><\/p>\n<p>Dix entit\u00e9s de trois pays europ\u00e9ens qui composent l\u2019espace SUDOE comprennent le projet AGROSMARTglobal.<\/p>\n<p><\/h3>\n<\/p>\n<p>[\/vc_column_text]    <div id=\"\" class=\"row\">\n            <div class=\"col-md-8 col-md-offset-2\">\n            <div class=\"col-md-6 col-sm-6 wow fadeInUp\">\n\t\t<div class=\"logo-socio\">\n\t\t\t            <img class=\"img-responsive\" src=\"https:\/\/www.agrosmartglobal.eu\/wp-content\/uploads\/2021\/01\/1-agaca.jpg\">\n            <p class=\"titulo-socio\">Association Galicienne des Coop\u00e9ratives Agroalimentaires \u2014 AGACA<\/p>\n        \t\t\n            \t\t<\/div>\n    <\/div>\n    <div class=\"col-md-6 col-sm-6 wow fadeInUp\">\n\t\t<div class=\"logo-socio\">\n\t\t\t            <img class=\"img-responsive\" src=\"https:\/\/www.agrosmartglobal.eu\/wp-content\/uploads\/2021\/01\/2-calm.jpg\">\n            <p class=\"titulo-socio\">Coop\u00e9ratives Agro-alimentaires de Castille-La Manche<\/p>\n        \t\t\n            \t\t<\/div>\n    <\/div>\n    <div class=\"col-md-6 col-sm-6 wow fadeInUp\">\n\t\t<div class=\"logo-socio\">\n\t\t\t            <img class=\"img-responsive\" src=\"https:\/\/www.agrosmartglobal.eu\/wp-content\/uploads\/2021\/01\/3-konfekoop.jpg\">\n            <p class=\"titulo-socio\">Conf\u00e9d\u00e9ration des Coop\u00e9ratives du Pays Basque \u2014 KONFEKOOP<\/p>\n        \t\t\n            \t\t<\/div>\n    <\/div>\n    <div class=\"col-md-6 col-sm-6 wow fadeInUp\">\n\t\t<div class=\"logo-socio\">\n\t\t\t            <img class=\"img-responsive\" src=\"https:\/\/www.agrosmartglobal.eu\/wp-content\/uploads\/2021\/03\/4-camara-rioja.png\">\n            <p class=\"titulo-socio\">Chambre officielle de commerce, d\u2019industrie et de services de La Rioja<\/p>\n        \t\t\n            \t\t<\/div>\n    <\/div>\n    <div class=\"col-md-6 col-sm-6 wow fadeInUp\">\n\t\t<div class=\"logo-socio\">\n\t\t\t            <img class=\"img-responsive\" src=\"https:\/\/www.agrosmartglobal.eu\/wp-content\/uploads\/2021\/01\/5-amvos.jpg\">\n            <p class=\"titulo-socio\">Amvos Digital<\/p>\n        \t\t\n            \t\t<\/div>\n    <\/div>\n    <div class=\"col-md-6 col-sm-6 wow fadeInUp\">\n\t\t<div class=\"logo-socio\">\n\t\t\t            <img class=\"img-responsive\" src=\"https:\/\/www.agrosmartglobal.eu\/wp-content\/uploads\/2021\/03\/6-coperation-agricole.png\">\n            <p class=\"titulo-socio\">La Coop\u00e9ration Agricole Nouvelle-Aquitaine<\/p>\n        \t\t\n            \t\t<\/div>\n    <\/div>\n    <div class=\"col-md-6 col-sm-6 wow fadeInUp\">\n\t\t<div class=\"logo-socio\">\n\t\t\t            <img class=\"img-responsive\" src=\"https:\/\/www.agrosmartglobal.eu\/wp-content\/uploads\/2021\/01\/7-arepo.jpg\">\n            <p class=\"titulo-socio\">Association des r\u00e9gions europ\u00e9ennes des produits d\u2019origine \u2014 AREPO<\/p>\n        \t\t\n            \t\t<\/div>\n    <\/div>\n    <div class=\"col-md-6 col-sm-6 wow fadeInUp\">\n\t\t<div class=\"logo-socio\">\n\t\t\t            <img class=\"img-responsive\" src=\"https:\/\/www.agrosmartglobal.eu\/wp-content\/uploads\/2021\/01\/8-camara-limognes-haute-vienne.jpg\">\n            <p class=\"titulo-socio\">Chambre de Commerce et d\u2019Industrie de Limoges et de la Haute-Vienne<\/p>\n        \t\t\n            \t\t<\/div>\n    <\/div>\n    <div class=\"col-md-6 col-sm-6 wow fadeInUp\">\n\t\t<div class=\"logo-socio\">\n\t\t\t            <img class=\"img-responsive\" src=\"https:\/\/www.agrosmartglobal.eu\/wp-content\/uploads\/2021\/01\/9-confagri.jpg\">\n            <p class=\"titulo-socio\">Conf\u00e9d\u00e9ration Nacionale des Coop\u00e9ratives Agricoles et de Cr\u00e9dit Agricole du Portugal \u2014 CONFAGRI<\/p>\n        \t\t\n            \t\t<\/div>\n    <\/div>\n    <div class=\"col-md-6 col-sm-6 wow fadeInUp\">\n\t\t<div class=\"logo-socio\">\n\t\t\t            <img class=\"img-responsive\" src=\"https:\/\/www.agrosmartglobal.eu\/wp-content\/uploads\/2021\/01\/10-utad.jpg\">\n            <p class=\"titulo-socio\">Universidade de Tr\u00e1s-os-Montes e Alto Douro \u2014 UTAD<\/p>\n        \t\t\n            \t\t<\/div>\n    <\/div>\n    <\/div>\n    <\/div>\n[vc_column_text]<\/p>\n<p style=\"text-align: center;\"><a class=\"btn btn-primary\" href=\"https:\/\/www.agrosmartglobal.eu\/fr\/partenaires-agrosmartglobal\/\">PLUS D\u2019INFORMATIONS SUR LES PARTENAIRES<\/a><\/p>\n<p>[\/vc_column_text]    <\/div><!-- .container -->\n[\/vc_column][\/vc_row][vc_row el_class=\u00a0\u00bbsection-gray\u00a0\u00bb][vc_column]    <div class=\"container \">\n          <div id=\"\" class=\"row\">\n            <div class=\"col-md-11 col-md-offset-1 col-sm-11 col-sm-offset-1\">\n        [vc_column_text]<\/p>\n    <h2 class=\"section-title \">ACTUALIT\u00c9S ET ACTIVIT\u00c9S<\/h2>\n\n<p>[\/vc_column_text]    <\/div>\n    <\/div>\n    <div id=\"\" class=\"row\">\n        [vc_column_text]      <div class=\"col-md-6 col-sm-6\">\n        <div class=\"noticia-home\">\n          <div class=\"row\">\n            <div class=\"col-md-2 col-sm-2\">\n              <div class=\"fecha\">\n                <div class=\"dia\">04<\/div>\n                <div class=\"mes\">Avr 2023<\/div>\n              <\/div><!-- .fecha -->\n            <\/div><!-- .col -->\n\n            <div class=\"col-md-10 col-sm-10\">\n              <a href=\"https:\/\/www.agrosmartglobal.eu\/fr\/2023\/04\/04\/agrosmartglobal-participa-en-la-5a-edicion-del-evento-europeo-de-arepo-sobre-productos-de-calidad-y-orige\/\" title=\"AGROSMARTglobal participe \u00e0 la 5\u00e8me \u00e9dition de l&rsquo;\u00e9v\u00e9nement europ\u00e9en AREPO sur les produits de qualit\u00e9 et d&rsquo;origine\">\n                <img src=\"https:\/\/www.agrosmartglobal.eu\/wp-content\/themes\/agrosmart\/inc\/timthumb.php?src=https:\/\/www.agrosmartglobal.eu\/wp-content\/uploads\/2023\/04\/20230330-Janusz-wojciechowski_arepo-bruxelas.jpg&w=700&h=340\">\n              <\/a>\n              <h2>\n                <a href=\"https:\/\/www.agrosmartglobal.eu\/fr\/2023\/04\/04\/agrosmartglobal-participa-en-la-5a-edicion-del-evento-europeo-de-arepo-sobre-productos-de-calidad-y-orige\/\" title=\"AGROSMARTglobal participe \u00e0 la 5\u00e8me \u00e9dition de l&rsquo;\u00e9v\u00e9nement europ\u00e9en AREPO sur les produits de qualit\u00e9 et d&rsquo;origine\">\n                  AGROSMARTglobal participe \u00e0 la 5\u00e8me \u00e9dition de l&rsquo;\u00e9v\u00e9nement europ\u00e9en AREPO sur les produits de qualit\u00e9 et d&rsquo;origine                <\/a>\n              <\/h2>\n              \nLe 30 mars 2023, l&rsquo;AREPO &#8211; Association des R\u00e9gions Europ\u00e9ennes des Produits d&rsquo;Origine &#8211; a tenu \u00e0 Bruxelles la 5\u00e8me \u00e9dition de l&rsquo;\u00ab\u00a0\u00c9v\u00e9nement europ\u00e9en sur les produits... <div class=\"content-more-link\"><a href=\"https:\/\/www.agrosmartglobal.eu\/fr\/2023\/04\/04\/agrosmartglobal-participa-en-la-5a-edicion-del-evento-europeo-de-arepo-sobre-productos-de-calidad-y-orige\/\" class=\"more-link btn btn-primary\">POURSUIVRE LA LECTURE<\/a><\/div>            <\/div><!-- .col -->\n          <\/div><!-- .row -->\n        <\/div><!-- .ultimo-post -->\n      <\/div><!-- .col -->\n      <div class=\"col-md-6 col-sm-6\">\n        <div class=\"noticia-home\">\n          <div class=\"row\">\n            <div class=\"col-md-2 col-sm-2\">\n              <div class=\"fecha\">\n                <div class=\"dia\">28<\/div>\n                <div class=\"mes\">Mar 2023<\/div>\n              <\/div><!-- .fecha -->\n            <\/div><!-- .col -->\n\n            <div class=\"col-md-10 col-sm-10\">\n              <a href=\"https:\/\/www.agrosmartglobal.eu\/fr\/2023\/03\/28\/une-mission-de-prospection-commerciale-aux-etats-unis\/\" title=\"Une mission de prospection commerciale aux \u00c9tats-Unis\">\n                <img src=\"https:\/\/www.agrosmartglobal.eu\/wp-content\/themes\/agrosmart\/inc\/timthumb.php?src=https:\/\/www.agrosmartglobal.eu\/wp-content\/uploads\/2023\/03\/US_trademission_AGROSMARTglobal.jpg&w=700&h=340\">\n              <\/a>\n              <h2>\n                <a href=\"https:\/\/www.agrosmartglobal.eu\/fr\/2023\/03\/28\/une-mission-de-prospection-commerciale-aux-etats-unis\/\" title=\"Une mission de prospection commerciale aux \u00c9tats-Unis\">\n                  Une mission de prospection commerciale aux \u00c9tats-Unis                <\/a>\n              <\/h2>\n              \nAvec l&rsquo;objectif de favoriser l\u2019acc\u00e8s aux entreprises et coop\u00e9ratives agroalimentaires de la zone Sud-Ouest de l\u2019Europe \u00e0 des march\u00e9s internationaux \u2014nord-am\u00e9ricains et asiatiques\u2014 par le digital, le... <div class=\"content-more-link\"><a href=\"https:\/\/www.agrosmartglobal.eu\/fr\/2023\/03\/28\/une-mission-de-prospection-commerciale-aux-etats-unis\/\" class=\"more-link btn btn-primary\">POURSUIVRE LA LECTURE<\/a><\/div>            <\/div><!-- .col -->\n          <\/div><!-- .row -->\n        <\/div><!-- .ultimo-post -->\n      <\/div><!-- .col -->\n[\/vc_column_text]    <\/div>\n    <\/div><!-- .container -->\n[\/vc_column][\/vc_row][vc_row disable_element=\u00a0\u00bbyes\u00a0\u00bb][vc_column]    <div class=\"container \">\n          <div id=\"\" class=\"row\">\n            <div class=\"col-md-6 col-sm-6\">\n        [vc_column_text]<\/p>\n<div style=\"text-align: right;\">    <h2 class=\"section-title \">DOCUMENTOS<br \/>\nDE INTER\u00c9S<\/h2>\n<br \/>\n    <h3 class=\"section-subtitle \">Nuestra actualidad del d\u00eda a d\u00eda<\/h3>\n<\/div>\n<p>[\/vc_column_text]    <\/div>\n    <div class=\"col-md-6 col-sm-6\">\n            <div class=\"col-md-6 col-sm-6 wow fadeInUp\">\n        <a href=\"\" class=\"mini-banner\" style=\"background-image: url(https:\/\/www.agrosmartglobal.eu\/wp-content\/uploads\/2016\/12\/b1.jpg);\">\n        \t<div class=\"minibanner-overlay\"><\/div>\n        \t<div class=\"minibanner-content\">\n\t            <img class=\"img-responsive\" src=\"https:\/\/www.agrosmartglobal.eu\/wp-content\/uploads\/2016\/12\/microfono.png\">\n\t            <p>AUDIO<\/p>\n\t        <\/div><!-- .minibanner-content -->\n        <\/a>\n    <\/div>\n    <div class=\"col-md-6 col-sm-6 wow fadeInUp\">\n        <a href=\"\" class=\"mini-banner\" style=\"background-image: url(https:\/\/www.agrosmartglobal.eu\/wp-content\/uploads\/2016\/12\/b2.jpg);\">\n        \t<div class=\"minibanner-overlay\"><\/div>\n        \t<div class=\"minibanner-content\">\n\t            <img class=\"img-responsive\" src=\"https:\/\/www.agrosmartglobal.eu\/wp-content\/uploads\/2016\/12\/pincel.png\">\n\t            <p>IDENTIDAD DEL PROYECTO<\/p>\n\t        <\/div><!-- .minibanner-content -->\n        <\/a>\n    <\/div>\n    <div class=\"col-md-6 col-sm-6 wow fadeInUp\">\n        <a href=\"\" class=\"mini-banner\" style=\"background-image: url(https:\/\/www.agrosmartglobal.eu\/wp-content\/uploads\/2016\/12\/b3.jpg);\">\n        \t<div class=\"minibanner-overlay\"><\/div>\n        \t<div class=\"minibanner-content\">\n\t            <img class=\"img-responsive\" src=\"https:\/\/www.agrosmartglobal.eu\/wp-content\/uploads\/2016\/12\/clip.png\">\n\t            <p>DOCUMENTOS<\/p>\n\t        <\/div><!-- .minibanner-content -->\n        <\/a>\n    <\/div>\n    <\/div>\n    <\/div>\n    <\/div><!-- .container -->\n[\/vc_column][\/vc_row][vc_row el_class=\u00a0\u00bbsection-green section-sm-padding\u00a0\u00bb][vc_column]    <div class=\"container \">\n      [vc_row_inner][vc_column_inner width=\u00a0\u00bb2\/3&Prime;][vc_column_text]    <h2 class=\"section-title \">CONTACT<\/h2>\n<br \/>\n    <h3 class=\"section-subtitle \">N\u2019h\u00e9sitez pas \u00e0 nous contacter si vous avez des questions<\/h3>\n[\/vc_column_text][\/vc_column_inner][vc_column_inner width=\u00a0\u00bb1\/3&Prime;][vc_column_text]<\/p>\n<p style=\"text-align: right;\"><a class=\"btn btn-primary link-contactar\" href=\"https:\/\/www.agrosmartglobal.eu\/fr\/partenaires-agrosmartglobal\/\">CLIQUEZ POUR NOUS CONTACTER<\/a><\/p>\n<p>[\/vc_column_text][\/vc_column_inner][\/vc_row_inner]    <\/div><!-- .container -->\n[\/vc_column][\/vc_row]<\/p>\n","protected":false},"excerpt":{"rendered":"<p>[vc_row el_class=\u00a0\u00bbsection-video-home\u00a0\u00bb][vc_column el_class=\u00a0\u00bbcontainer\u00a0\u00bb][\/vc_column][\/vc_row][vc_row el_class=\u00a0\u00bbsection-gray\u00a0\u00bb][vc_column][\/vc_column][\/vc_row][vc_row el_class=\u00a0\u00bbsection-home-socios\u00a0\u00bb][vc_column][\/vc_column][\/vc_row][vc_row el_class=\u00a0\u00bbsection-gray\u00a0\u00bb][vc_column][\/vc_column][\/vc_row][vc_row disable_element=\u00a0\u00bbyes\u00a0\u00bb][vc_column][\/vc_column][\/vc_row][vc_row el_class=\u00a0\u00bbsection-green section-sm-padding\u00a0\u00bb][vc_column][\/vc_column][\/vc_row]<\/p>\n","protected":false},"author":1,"featured_media":0,"parent":0,"menu_order":0,"comment_status":"closed","ping_status":"closed","template":"template-home.php","meta":{"_bbp_topic_count":0,"_bbp_reply_count":0,"_bbp_total_topic_count":0,"_bbp_total_reply_count":0,"_bbp_voice_count":0,"_bbp_anonymous_reply_count":0,"_bbp_topic_count_hidden":0,"_bbp_reply_count_hidden":0,"_bbp_forum_subforum_count":0},"_links":{"self":[{"href":"https:\/\/www.agrosmartglobal.eu\/fr\/wp-json\/wp\/v2\/pages\/238"}],"collection":[{"href":"https:\/\/www.agrosmartglobal.eu\/fr\/wp-json\/wp\/v2\/pages"}],"about":[{"href":"https:\/\/www.agrosmartglobal.eu\/fr\/wp-json\/wp\/v2\/types\/page"}],"author":[{"embeddable":true,"href":"https:\/\/www.agrosmartglobal.eu\/fr\/wp-json\/wp\/v2\/users\/1"}],"replies":[{"embeddable":true,"href":"https:\/\/www.agrosmartglobal.eu\/fr\/wp-json\/wp\/v2\/comments?post=238"}],"version-history":[{"count":28,"href":"https:\/\/www.agrosmartglobal.eu\/fr\/wp-json\/wp\/v2\/pages\/238\/revisions"}],"predecessor-version":[{"id":24541,"href":"https:\/\/www.agrosmartglobal.eu\/fr\/wp-json\/wp\/v2\/pages\/238\/revisions\/24541"}],"wp:attachment":[{"href":"https:\/\/www.agrosmartglobal.eu\/fr\/wp-json\/wp\/v2\/media?parent=238"}],"curies":[{"name":"wp","href":"https:\/\/api.w.org\/{rel}","templated":true}]}}