{"id":236,"date":"2016-12-02T11:55:48","date_gmt":"2016-12-02T11:55:48","guid":{"rendered":"https:\/\/www.agrosmartglobal.eu\/fr\/documentos\/"},"modified":"2021-01-29T09:47:48","modified_gmt":"2021-01-29T08:47:48","slug":"galerie-video","status":"publish","type":"page","link":"https:\/\/www.agrosmartglobal.eu\/fr\/galerie-video\/","title":{"rendered":"Galerie vid\u00e9o"},"content":{"rendered":"<p>[vc_row][vc_column][vc_column_text]<\/p>\n<p style=\"text-align: center;\"><span style=\"font-size: 14pt;\"><strong><span style=\"font-family: 'trebuchet ms', geneva, sans-serif; color: #7a8000;\">PILULES D&rsquo;AGROSMARTcoop<\/span><\/strong><\/span><\/p>\n<p>[\/vc_column_text][\/vc_column][\/vc_row][vc_row][vc_column width=\u00a0\u00bb1\/2&Prime;][vc_column_text]<\/p>\n<p style=\"text-align: center;\"><span style=\"font-family: 'trebuchet ms', geneva, sans-serif;\">Des Eleveurs Girondins: Bonnes pratiques en d\u00e9veloppement de production<\/span><\/p>\n<p>[\/vc_column_text][vc_video link=\u00a0\u00bbhttps:\/\/youtu.be\/qfoxeSCxAtU\u00a0\u00bb el_width=\u00a0\u00bb30&Prime; align=\u00a0\u00bbcenter\u00a0\u00bb][vc_column_text]<\/p>\n<p style=\"text-align: center;\"><span style=\"font-family: 'trebuchet ms', geneva, sans-serif;\">Des Vignerons de Buzet: Innovation dans la production durable et la biodiversit\u00e9<\/span><\/p>\n<p>[\/vc_column_text][vc_video link=\u00a0\u00bbhttps:\/\/youtu.be\/1s8KToGXI94&Prime; el_width=\u00a0\u00bb30&Prime; align=\u00a0\u00bbcenter\u00a0\u00bb][vc_column_text]<\/p>\n<p style=\"text-align: center;\"><span style=\"font-family: 'trebuchet ms', geneva, sans-serif;\">Harakai-Urkaiko: Plate-forme d&rsquo;innovation technologique<\/span><\/p>\n<p>[\/vc_column_text][vc_video link=\u00a0\u00bbhttps:\/\/youtu.be\/y3NxQYp3X1c\u00a0\u00bb el_width=\u00a0\u00bb30&Prime; align=\u00a0\u00bbcenter\u00a0\u00bb][vc_column_text]<\/p>\n<p style=\"text-align: center;\"><span style=\"font-family: 'trebuchet ms', geneva, sans-serif;\">Manjavacas: innovation en efficacit\u00e9 \u00e9nerg\u00e9tique<\/span><\/p>\n<p>[\/vc_column_text][vc_video link=\u00a0\u00bbhttps:\/\/youtu.be\/A8VroavMrQk\u00a0\u00bb el_width=\u00a0\u00bb30&Prime; align=\u00a0\u00bbcenter\u00a0\u00bb][vc_column_text]<\/p>\n<p style=\"text-align: center;\"><span style=\"font-family: 'trebuchet ms', geneva, sans-serif;\">Udapa-Paturpat: Innovation de produit<\/span><\/p>\n<p>[\/vc_column_text][vc_video link=\u00a0\u00bbhttps:\/\/youtu.be\/iH9i5IUMeyo\u00a0\u00bb el_width=\u00a0\u00bb30&Prime; align=\u00a0\u00bbcenter\u00a0\u00bb][vc_column_text]<\/p>\n<p style=\"text-align: center;\"><span style=\"font-family: 'trebuchet ms', geneva, sans-serif;\">Valle del Jerte: innovation technologique<\/span><\/p>\n<p>[\/vc_column_text][vc_video link=\u00a0\u00bbhttps:\/\/youtu.be\/lyHAO566miM\u00a0\u00bb el_width=\u00a0\u00bb30&Prime; align=\u00a0\u00bbcenter\u00a0\u00bb][vc_column_text]<\/p>\n<p style=\"text-align: center;\"><span style=\"font-family: 'trebuchet ms', geneva, sans-serif;\">Vi\u00f1a Oliva: bonnes pratiques en mati\u00e8re de recyclage et de durabilit\u00e9<\/span><\/p>\n<p>[\/vc_column_text][vc_video link=\u00a0\u00bbhttps:\/\/youtu.be\/__3Kx6wmaeA\u00a0\u00bb el_width=\u00a0\u00bb30&Prime; align=\u00a0\u00bbcenter\u00a0\u00bb][\/vc_column][vc_column width=\u00a0\u00bb1\/2&Prime;][vc_column_text]<\/p>\n<p style=\"text-align: center;\"><span style=\"font-family: 'trebuchet ms', geneva, sans-serif;\">Champinter Compost: \u00e9conomie circulaire du compost<\/span><\/p>\n<p>[\/vc_column_text][vc_video link=\u00a0\u00bbhttps:\/\/youtu.be\/s_UOiijTOyM\u00a0\u00bb el_width=\u00a0\u00bb30&Prime; align=\u00a0\u00bbcenter\u00a0\u00bb][vc_column_text]<\/p>\n<p style=\"text-align: center;\"><span style=\"font-family: 'trebuchet ms', geneva, sans-serif;\">Champinter Agua: Innovation dans la durabilit\u00e9 de l&rsquo;eau<\/span><\/p>\n<p>[\/vc_column_text][vc_video link=\u00a0\u00bbhttps:\/\/youtu.be\/PuidOpfk8Wo\u00a0\u00bb el_width=\u00a0\u00bb30&Prime; align=\u00a0\u00bbcenter\u00a0\u00bb][vc_column_text]<\/p>\n<p style=\"text-align: center;\"><span style=\"font-family: 'trebuchet ms', geneva, sans-serif;\">Champinter Energ\u00eda: Innovation en durabilit\u00e9 \u00e9conomique<\/span><\/p>\n<p>[\/vc_column_text][vc_video link=\u00a0\u00bbhttps:\/\/youtu.be\/rxICDmEaVVk\u00a0\u00bb el_width=\u00a0\u00bb30&Prime; align=\u00a0\u00bbcenter\u00a0\u00bb][vc_column_text]<\/p>\n<p style=\"text-align: center;\"><span style=\"font-family: 'trebuchet ms', geneva, sans-serif;\">Champinter Producto: Innovation produit<\/span><\/p>\n<p>[\/vc_column_text][vc_video link=\u00a0\u00bbhttps:\/\/youtu.be\/VLg8IpmAz5w\u00a0\u00bb el_width=\u00a0\u00bb30&Prime; align=\u00a0\u00bbcenter\u00a0\u00bb][vc_column_text]<\/p>\n<p style=\"text-align: center;\"><span style=\"font-family: 'trebuchet ms', geneva, sans-serif;\">Clun: Innovation produit<\/span><\/p>\n<p>[\/vc_column_text][vc_video link=\u00a0\u00bbhttps:\/\/youtu.be\/RclsQXHOsCo\u00a0\u00bb el_width=\u00a0\u00bb30&Prime; align=\u00a0\u00bbcenter\u00a0\u00bb][vc_column_text]<\/p>\n<p style=\"text-align: center;\"><span style=\"font-family: 'trebuchet ms', geneva, sans-serif;\">Condes de Albarei: Quelles bonnes pratiques se d\u00e9gagent dans la cave Condes de Albarei?<\/span><\/p>\n<p>[\/vc_column_text][vc_video link=\u00a0\u00bbhttps:\/\/youtu.be\/tcu-wITvlgQ\u00a0\u00bb el_width=\u00a0\u00bb30&Prime; align=\u00a0\u00bbcenter\u00a0\u00bb][vc_column_text]<\/p>\n<p style=\"text-align: center;\"><span style=\"font-family: 'trebuchet ms', geneva, sans-serif;\">Vila Real: Quelles bonnes pratiques se d\u00e9gagent \u00e0 Adega Vila Real?<\/span><\/p>\n<p>[\/vc_column_text][vc_video link=\u00a0\u00bbhttps:\/\/youtu.be\/AUB59peSFaY\u00a0\u00bb el_width=\u00a0\u00bb30&Prime; align=\u00a0\u00bbcenter\u00a0\u00bb][\/vc_column][\/vc_row]<\/p>\n","protected":false},"excerpt":{"rendered":"<p>[vc_row][vc_column][vc_column_text] PILULES D&rsquo;AGROSMARTcoop [\/vc_column_text][\/vc_column][\/vc_row][vc_row][vc_column width=\u00a0\u00bb1\/2&Prime;][vc_column_text] Des Eleveurs Girondins: Bonnes pratiques en d\u00e9veloppement de production [\/vc_column_text][vc_video link=\u00a0\u00bbhttps:\/\/youtu.be\/qfoxeSCxAtU\u00a0\u00bb el_width=\u00a0\u00bb30&Prime; align=\u00a0\u00bbcenter\u00a0\u00bb][vc_column_text] Des Vignerons de Buzet: Innovation dans la production durable et la biodiversit\u00e9 [\/vc_column_text][vc_video link=\u00a0\u00bbhttps:\/\/youtu.be\/1s8KToGXI94&Prime; el_width=\u00a0\u00bb30&Prime; align=\u00a0\u00bbcenter\u00a0\u00bb][vc_column_text] Harakai-Urkaiko: Plate-forme d&rsquo;innovation technologique [\/vc_column_text][vc_video link=\u00a0\u00bbhttps:\/\/youtu.be\/y3NxQYp3X1c\u00a0\u00bb el_width=\u00a0\u00bb30&Prime; align=\u00a0\u00bbcenter\u00a0\u00bb][vc_column_text] Manjavacas: innovation en efficacit\u00e9 \u00e9nerg\u00e9tique [\/vc_column_text][vc_video link=\u00a0\u00bbhttps:\/\/youtu.be\/A8VroavMrQk\u00a0\u00bb el_width=\u00a0\u00bb30&Prime; align=\u00a0\u00bbcenter\u00a0\u00bb][vc_column_text] Udapa-Paturpat: Innovation de produit [&hellip;]<\/p>\n","protected":false},"author":1,"featured_media":0,"parent":0,"menu_order":0,"comment_status":"closed","ping_status":"closed","template":"","meta":{"_bbp_topic_count":0,"_bbp_reply_count":0,"_bbp_total_topic_count":0,"_bbp_total_reply_count":0,"_bbp_voice_count":0,"_bbp_anonymous_reply_count":0,"_bbp_topic_count_hidden":0,"_bbp_reply_count_hidden":0,"_bbp_forum_subforum_count":0},"_links":{"self":[{"href":"https:\/\/www.agrosmartglobal.eu\/fr\/wp-json\/wp\/v2\/pages\/236"}],"collection":[{"href":"https:\/\/www.agrosmartglobal.eu\/fr\/wp-json\/wp\/v2\/pages"}],"about":[{"href":"https:\/\/www.agrosmartglobal.eu\/fr\/wp-json\/wp\/v2\/types\/page"}],"author":[{"embeddable":true,"href":"https:\/\/www.agrosmartglobal.eu\/fr\/wp-json\/wp\/v2\/users\/1"}],"replies":[{"embeddable":true,"href":"https:\/\/www.agrosmartglobal.eu\/fr\/wp-json\/wp\/v2\/comments?post=236"}],"version-history":[{"count":9,"href":"https:\/\/www.agrosmartglobal.eu\/fr\/wp-json\/wp\/v2\/pages\/236\/revisions"}],"predecessor-version":[{"id":10483,"href":"https:\/\/www.agrosmartglobal.eu\/fr\/wp-json\/wp\/v2\/pages\/236\/revisions\/10483"}],"wp:attachment":[{"href":"https:\/\/www.agrosmartglobal.eu\/fr\/wp-json\/wp\/v2\/media?parent=236"}],"curies":[{"name":"wp","href":"https:\/\/api.w.org\/{rel}","templated":true}]}}