{"id":11008,"date":"2021-05-18T16:44:08","date_gmt":"2021-05-18T14:44:08","guid":{"rendered":"https:\/\/www.agrosmartglobal.eu\/guia-de-internacionalizacion-digital\/"},"modified":"2022-03-02T14:17:06","modified_gmt":"2022-03-02T13:17:06","slug":"guide-dinternationalisation-digitale","status":"publish","type":"page","link":"https:\/\/www.agrosmartglobal.eu\/fr\/guide-dinternationalisation-digitale\/","title":{"rendered":"Guide d&rsquo;Internationalisation Digitale"},"content":{"rendered":"<p>[vc_row][vc_column el_class=\u00a0\u00bbcontainer\u00a0\u00bb][vc_column_text]<\/p>\n    <h2 class=\"section-title title-guia\">COMMENT FONCTIONNE NOTRE SERVICE DE CONSEIL TECHNIQUE?<\/h2>\n\n<p>En tant qu\u2019\u00e9l\u00e9ment cl\u00e9 pour la r\u00e9alisation de l\u2019un des objectifs du programme AGROSMARTglobal, nous offrons un service d\u2019analyse et de conseil en mati\u00e8re de commerce \u00e9lectronique international, qui permet de d\u00e9velopper des strat\u00e9gies personnalis\u00e9es et individuelles, en fonction des caract\u00e9ristiques sp\u00e9cifiques de chaque entreprise.<\/p>\n<p>Le service est bas\u00e9 sur la collecte de donn\u00e9es sp\u00e9cifiques de l\u2019entreprise, l\u2019analyse du march\u00e9 et de ses concurrents et l\u2019\u00e9laboration d\u2019un mod\u00e8le de recommandations personnalis\u00e9es pour chaque entreprise, tant en strat\u00e9gie B2B que B2C.<\/p>\n<p>L\u2019objectif du service de conseil technique et de conseil strat\u00e9gique est de documenter les possibilit\u00e9s r\u00e9elles de succ\u00e8s dans le d\u00e9veloppement de diff\u00e9rentes strat\u00e9gies de commerce \u00e9lectronique, tant nationales qu\u2019internationales, pour l\u2019entreprise analys\u00e9e et de proposer une strat\u00e9gie de mise en \u0153uvre r\u00e9aliste adapt\u00e9e \u00e0 la strat\u00e9gie d\u2019internationalisation sp\u00e9cifique de chaque entreprise et \u00e0 ses march\u00e9s cibles.<\/p>\n<p>Le processus qui a \u00e9t\u00e9 d\u00e9fini est celui-ci :<\/p>\n<ul>\n<li>Pour acc\u00e9der au service, il est n\u00e9cessaire de participer \u00e0 AGROSMARTglobal. Pour savoir comment faire partie du projet, <a href=\"https:\/\/www.agrosmartglobal.eu\/fr\/partenaires-agrosmartglobal\/\">contactez le partenaire du territoire o\u00f9 op\u00e8re votre coop\u00e9rative\/PME<\/a>.\u00a0<\/li>\n<li>La coop\u00e9rative\/PME demande le service <a href=\"https:\/\/www.agrosmartglobal.eu\/fr\/login\/\">via le site Web du projet<\/a>.<\/li>\n<li>La premi\u00e8re \u00e9tape consiste \u00e0 remplir le questionnaire de l&rsquo;outil de diagnostic.<\/li>\n<li>L&rsquo;outil de diagnostic nous avertit qu&rsquo;il y a une demande de service.<\/li>\n<li>L&rsquo;outil r\u00e9alise un diagnostic automatique et personnalis\u00e9 en fonction des r\u00e9ponses donn\u00e9es par l&rsquo;entreprise au questionnaire.<\/li>\n<li>Le rapport de conseil est fait.<\/li>\n<li>Le rapport de conseil est remis au partenaire responsable, afin qu&rsquo;il puisse \u00eatre envoy\u00e9 \u00e0 l&rsquo;entreprise en question.<\/li>\n<li>Si des doutes surgissent suite \u00e0 l&rsquo;analyse interne de l&rsquo;entreprise, nous pouvons maintenir une communication directe avec celle-ci pour les r\u00e9soudre. En cas de doutes nombreux, un bref appel pourra \u00eatre programm\u00e9.<\/li>\n<\/ul>\n<p>[\/vc_column_text][\/vc_column][\/vc_row]<\/p>\n","protected":false},"excerpt":{"rendered":"<p>[vc_row][vc_column el_class=\u00a0\u00bbcontainer\u00a0\u00bb][vc_column_text] En tant qu\u2019\u00e9l\u00e9ment cl\u00e9 pour la r\u00e9alisation de l\u2019un des objectifs du programme AGROSMARTglobal, nous offrons un service d\u2019analyse et de conseil en mati\u00e8re de commerce \u00e9lectronique international, qui permet de d\u00e9velopper des strat\u00e9gies personnalis\u00e9es et individuelles, en fonction des caract\u00e9ristiques sp\u00e9cifiques de chaque entreprise. Le service est bas\u00e9 sur la collecte de [&hellip;]<\/p>\n","protected":false},"author":256,"featured_media":0,"parent":0,"menu_order":0,"comment_status":"closed","ping_status":"closed","template":"template-consultoria-publica.php","meta":{"_bbp_topic_count":0,"_bbp_reply_count":0,"_bbp_total_topic_count":0,"_bbp_total_reply_count":0,"_bbp_voice_count":0,"_bbp_anonymous_reply_count":0,"_bbp_topic_count_hidden":0,"_bbp_reply_count_hidden":0,"_bbp_forum_subforum_count":0},"_links":{"self":[{"href":"https:\/\/www.agrosmartglobal.eu\/fr\/wp-json\/wp\/v2\/pages\/11008"}],"collection":[{"href":"https:\/\/www.agrosmartglobal.eu\/fr\/wp-json\/wp\/v2\/pages"}],"about":[{"href":"https:\/\/www.agrosmartglobal.eu\/fr\/wp-json\/wp\/v2\/types\/page"}],"author":[{"embeddable":true,"href":"https:\/\/www.agrosmartglobal.eu\/fr\/wp-json\/wp\/v2\/users\/256"}],"replies":[{"embeddable":true,"href":"https:\/\/www.agrosmartglobal.eu\/fr\/wp-json\/wp\/v2\/comments?post=11008"}],"version-history":[{"count":4,"href":"https:\/\/www.agrosmartglobal.eu\/fr\/wp-json\/wp\/v2\/pages\/11008\/revisions"}],"predecessor-version":[{"id":12494,"href":"https:\/\/www.agrosmartglobal.eu\/fr\/wp-json\/wp\/v2\/pages\/11008\/revisions\/12494"}],"wp:attachment":[{"href":"https:\/\/www.agrosmartglobal.eu\/fr\/wp-json\/wp\/v2\/media?parent=11008"}],"curies":[{"name":"wp","href":"https:\/\/api.w.org\/{rel}","templated":true}]}}