{"id":10658,"date":"2018-06-20T13:21:03","date_gmt":"2018-06-20T11:21:03","guid":{"rendered":"https:\/\/www.agrosmartglobal.eu\/formacion\/"},"modified":"2021-03-03T17:28:31","modified_gmt":"2021-03-03T16:28:31","slug":"formation","status":"publish","type":"page","link":"https:\/\/www.agrosmartglobal.eu\/fr\/formation\/","title":{"rendered":"Formation"},"content":{"rendered":"<p>[vc_row][vc_column el_class=\u00a0\u00bbcontainer\u00a0\u00bb][vc_column_text]<\/p>\n<p>Dans le cadre <a href=\"https:\/\/www.agrosmartglobal.eu\/fr\/agrosmartcoop\/\">d&rsquo;AGROSMARTcoop<\/a>, des cours ont \u00e9t\u00e9 propos\u00e9s dans 6 domaines th\u00e9matiques:<\/p>\n<ol>\n<li>Innovation dans les processus industriels<\/li>\n<li>Innovation dans le produit<\/li>\n<li>\u00c9conomie circulaire, durabilit\u00e9 et analyse du cycle de<\/li>\n<li>Tra\u00e7abilit\u00e9<\/li>\n<li>Innovation en management<\/li>\n<li>Marketing et commercialisation intelligent<\/li>\n<\/ol>\n<p>Le programme des cours dispens\u00e9s en fran\u00e7ais peut \u00eatre consult\u00e9 ou t\u00e9l\u00e9charg\u00e9 ci-dessous, mais il existe quelques cours suppl\u00e9mentaires en espagnol, qui peuvent \u00eatre t\u00e9l\u00e9charg\u00e9s <a href=\"https:\/\/www.agrosmartglobal.eu\/formacion\/\">ici<\/a>.<\/p>\n<p>[\/vc_column_text][\/vc_column][\/vc_row]<\/p>\n","protected":false},"excerpt":{"rendered":"<p>[vc_row][vc_column el_class=\u00a0\u00bbcontainer\u00a0\u00bb][vc_column_text] Dans le cadre d&rsquo;AGROSMARTcoop, des cours ont \u00e9t\u00e9 propos\u00e9s dans 6 domaines th\u00e9matiques: Innovation dans les processus industriels Innovation dans le produit \u00c9conomie circulaire, durabilit\u00e9 et analyse du cycle de Tra\u00e7abilit\u00e9 Innovation en management Marketing et commercialisation intelligent Le programme des cours dispens\u00e9s en fran\u00e7ais peut \u00eatre consult\u00e9 ou t\u00e9l\u00e9charg\u00e9 ci-dessous, mais il [&hellip;]<\/p>\n","protected":false},"author":4,"featured_media":0,"parent":0,"menu_order":0,"comment_status":"closed","ping_status":"closed","template":"template-descargas.php","meta":{"_bbp_topic_count":0,"_bbp_reply_count":0,"_bbp_total_topic_count":0,"_bbp_total_reply_count":0,"_bbp_voice_count":0,"_bbp_anonymous_reply_count":0,"_bbp_topic_count_hidden":0,"_bbp_reply_count_hidden":0,"_bbp_forum_subforum_count":0},"_links":{"self":[{"href":"https:\/\/www.agrosmartglobal.eu\/fr\/wp-json\/wp\/v2\/pages\/10658"}],"collection":[{"href":"https:\/\/www.agrosmartglobal.eu\/fr\/wp-json\/wp\/v2\/pages"}],"about":[{"href":"https:\/\/www.agrosmartglobal.eu\/fr\/wp-json\/wp\/v2\/types\/page"}],"author":[{"embeddable":true,"href":"https:\/\/www.agrosmartglobal.eu\/fr\/wp-json\/wp\/v2\/users\/4"}],"replies":[{"embeddable":true,"href":"https:\/\/www.agrosmartglobal.eu\/fr\/wp-json\/wp\/v2\/comments?post=10658"}],"version-history":[{"count":5,"href":"https:\/\/www.agrosmartglobal.eu\/fr\/wp-json\/wp\/v2\/pages\/10658\/revisions"}],"predecessor-version":[{"id":10760,"href":"https:\/\/www.agrosmartglobal.eu\/fr\/wp-json\/wp\/v2\/pages\/10658\/revisions\/10760"}],"wp:attachment":[{"href":"https:\/\/www.agrosmartglobal.eu\/fr\/wp-json\/wp\/v2\/media?parent=10658"}],"curies":[{"name":"wp","href":"https:\/\/api.w.org\/{rel}","templated":true}]}}